{"id":4835,"date":"2025-06-11T12:11:53","date_gmt":"2025-06-11T12:11:53","guid":{"rendered":"https:\/\/eurotechcenter.eu\/webshop\/unkategorisiert\/a1026-mvt-li-ionen-akku\/"},"modified":"2025-06-11T12:11:53","modified_gmt":"2025-06-11T12:11:53","slug":"a1026-mvt-li-ionen-akku","status":"publish","type":"product","link":"https:\/\/eurotechcenter.eu\/de\/webshop\/midtronics-de\/a1026-mvt-li-ionen-akku\/","title":{"rendered":"A1026 MVT Li-Ionen-Akku"},"content":{"rendered":"<p>Ersatzbatterie f\u00fcr MVT-Batteriepr\u00fcfger\u00e4te.<\/p>\n","protected":false},"excerpt":{"rendered":"<p>Ersatzbatterie f\u00fcr MVT-Batteriepr\u00fcfger\u00e4te.<\/p>\n","protected":false},"featured_media":4827,"template":"","meta":{"advanced_seo_description":"","jetpack_seo_html_title":"","jetpack_seo_noindex":false},"product_brand":[],"product_cat":[205],"product_tag":[460,620],"class_list":{"0":"post-4835","1":"product","2":"type-product","3":"status-publish","4":"has-post-thumbnail","6":"product_cat-midtronics-de","7":"product_tag-midtronics-de","8":"product_tag-mvt-de","9":"pa_product-type-accessoires-de","11":"first","12":"instock","13":"taxable","14":"shipping-taxable","15":"purchasable","16":"product-type-simple"},"jetpack_sharing_enabled":true,"_links":{"self":[{"href":"https:\/\/eurotechcenter.eu\/de\/wp-json\/wp\/v2\/product\/4835","targetHints":{"allow":["GET"]}}],"collection":[{"href":"https:\/\/eurotechcenter.eu\/de\/wp-json\/wp\/v2\/product"}],"about":[{"href":"https:\/\/eurotechcenter.eu\/de\/wp-json\/wp\/v2\/types\/product"}],"wp:featuredmedia":[{"embeddable":true,"href":"https:\/\/eurotechcenter.eu\/de\/wp-json\/wp\/v2\/media\/4827"}],"wp:attachment":[{"href":"https:\/\/eurotechcenter.eu\/de\/wp-json\/wp\/v2\/media?parent=4835"}],"wp:term":[{"taxonomy":"product_brand","embeddable":true,"href":"https:\/\/eurotechcenter.eu\/de\/wp-json\/wp\/v2\/product_brand?post=4835"},{"taxonomy":"product_cat","embeddable":true,"href":"https:\/\/eurotechcenter.eu\/de\/wp-json\/wp\/v2\/product_cat?post=4835"},{"taxonomy":"product_tag","embeddable":true,"href":"https:\/\/eurotechcenter.eu\/de\/wp-json\/wp\/v2\/product_tag?post=4835"}],"curies":[{"name":"wp","href":"https:\/\/api.w.org\/{rel}","templated":true}]}}