{"id":4831,"date":"2025-06-11T13:09:57","date_gmt":"2025-06-11T13:09:57","guid":{"rendered":"https:\/\/eurotechcenter.eu\/webshop\/unkategorisiert\/a1028-mvt-ersatzkabel-mueller\/"},"modified":"2025-06-11T13:09:57","modified_gmt":"2025-06-11T13:09:57","slug":"a1028-mvt-ersatzkabel-mueller","status":"publish","type":"product","link":"https:\/\/eurotechcenter.eu\/de\/webshop\/midtronics-de\/a1028-mvt-ersatzkabel-mueller\/","title":{"rendered":"A1028 MVT Ersatzkabel Mueller"},"content":{"rendered":"<p>MVT Ersatzkabel mit Mueller-Klemmen.<\/p>\n<p>Hinweis: Verwenden Sie beim Auswechseln des Kabels immer genau das Modell, mit dem das Pr\u00fcfger\u00e4t urspr\u00fcnglich geliefert wurde, um einen korrekten Betrieb zu gew\u00e4hrleisten.<\/p>\n<p>*Abbildung zu Illustrationszwecken, Tester nicht im Lieferumfang enthalten*.<\/p>\n","protected":false},"excerpt":{"rendered":"<p>MVT Ersatzkabel mit Mueller-Klemmen. Hinweis: Verwenden Sie beim Auswechseln des [&#8230;]<\/p>\n","protected":false},"featured_media":4767,"template":"","meta":{"advanced_seo_description":"","jetpack_seo_html_title":"","jetpack_seo_noindex":false},"product_brand":[],"product_cat":[205],"product_tag":[460,620],"class_list":{"0":"post-4831","1":"product","2":"type-product","3":"status-publish","4":"has-post-thumbnail","6":"product_cat-midtronics-de","7":"product_tag-midtronics-de","8":"product_tag-mvt-de","9":"pa_product-type-kabels-de","11":"first","12":"instock","13":"taxable","14":"shipping-taxable","15":"purchasable","16":"product-type-simple"},"jetpack_sharing_enabled":true,"_links":{"self":[{"href":"https:\/\/eurotechcenter.eu\/de\/wp-json\/wp\/v2\/product\/4831","targetHints":{"allow":["GET"]}}],"collection":[{"href":"https:\/\/eurotechcenter.eu\/de\/wp-json\/wp\/v2\/product"}],"about":[{"href":"https:\/\/eurotechcenter.eu\/de\/wp-json\/wp\/v2\/types\/product"}],"wp:featuredmedia":[{"embeddable":true,"href":"https:\/\/eurotechcenter.eu\/de\/wp-json\/wp\/v2\/media\/4767"}],"wp:attachment":[{"href":"https:\/\/eurotechcenter.eu\/de\/wp-json\/wp\/v2\/media?parent=4831"}],"wp:term":[{"taxonomy":"product_brand","embeddable":true,"href":"https:\/\/eurotechcenter.eu\/de\/wp-json\/wp\/v2\/product_brand?post=4831"},{"taxonomy":"product_cat","embeddable":true,"href":"https:\/\/eurotechcenter.eu\/de\/wp-json\/wp\/v2\/product_cat?post=4831"},{"taxonomy":"product_tag","embeddable":true,"href":"https:\/\/eurotechcenter.eu\/de\/wp-json\/wp\/v2\/product_tag?post=4831"}],"curies":[{"name":"wp","href":"https:\/\/api.w.org\/{rel}","templated":true}]}}