{"id":4615,"date":"2024-10-10T14:13:03","date_gmt":"2024-10-10T14:13:03","guid":{"rendered":"https:\/\/eurotechcenter.eu\/webshop\/unkategorisiert\/cpx-917p-mb-batterietester\/"},"modified":"2024-10-10T14:13:03","modified_gmt":"2024-10-10T14:13:03","slug":"cpx-917p-mb-batterietester","status":"publish","type":"product","link":"https:\/\/eurotechcenter.eu\/de\/webshop\/midtronics-de\/cpx-917p-mb-batterietester\/","title":{"rendered":"CPX-917P MB Batterietester"},"content":{"rendered":"<p style=\"font-weight: 400;\">Das brandneue CPX-917P MB ist der Nachfolger des EXP-717.<br \/>\nDer All-in-One-Tester f\u00fcr LKW, Transporter, PKW, 12V und 24V (nicht mehr 2 verschiedene Versionen)<\/p>\n<p><strong>CPX-917P MB Merkmale:<\/strong><\/p>\n<p>&#8211; Standardm\u00e4\u00dfig mit 3,0 m Messkabel geliefert.<br \/>\n&#8211; Pr\u00fcfung von Lkw, Transportern, Pkw und neuen Batterien (12V und 24V)<br \/>\n&#8211; Unterst\u00fctzte Batterien: Bleis\u00e4ure, EFB, AGM (VLRA) und AGM NorthStar Odyssey.<br \/>\n&#8211; Profilierung von Leitern.<br \/>\n&#8211; Pr\u00fcfung des elektrischen Systems.<br \/>\n&#8211; WI-FI zur Unterst\u00fctzung von digitalen Garantieanspr\u00fcchen.<br \/>\n&#8211; E-Mail-Pr\u00fcfergebnisse und Garantieleistungen direkt vom Ger\u00e4t aus, einschlie\u00dflich Pr\u00fcfcode.<br \/>\n&#8211; Over-the-Air Software-Updates.<br \/>\n&#8211; Modell mit integriertem Drucker.<br \/>\n&#8211; Optional mit integriertem Barcode-Scanner erh\u00e4ltlich.<\/p>\n<p><strong>Lieferzeit: 4 bis 6 Werktage<\/strong><\/p>\n","protected":false},"excerpt":{"rendered":"<p>Das brandneue CPX-917P MB ist der Nachfolger des EXP-717. Der [&#8230;]<\/p>\n","protected":false},"featured_media":4612,"template":"","meta":{"advanced_seo_description":"","jetpack_seo_html_title":"","jetpack_seo_noindex":false},"product_brand":[],"product_cat":[205],"product_tag":[629,495,460],"class_list":{"0":"post-4615","1":"product","2":"type-product","3":"status-publish","4":"has-post-thumbnail","6":"product_cat-midtronics-de","7":"product_tag-cpx-917p-mb-de","8":"product_tag-cpx-series-de","9":"product_tag-midtronics-de","10":"pa_product-type-batterie-tester","12":"first","13":"instock","14":"taxable","15":"shipping-taxable","16":"purchasable","17":"product-type-simple"},"jetpack_sharing_enabled":true,"_links":{"self":[{"href":"https:\/\/eurotechcenter.eu\/de\/wp-json\/wp\/v2\/product\/4615","targetHints":{"allow":["GET"]}}],"collection":[{"href":"https:\/\/eurotechcenter.eu\/de\/wp-json\/wp\/v2\/product"}],"about":[{"href":"https:\/\/eurotechcenter.eu\/de\/wp-json\/wp\/v2\/types\/product"}],"wp:featuredmedia":[{"embeddable":true,"href":"https:\/\/eurotechcenter.eu\/de\/wp-json\/wp\/v2\/media\/4612"}],"wp:attachment":[{"href":"https:\/\/eurotechcenter.eu\/de\/wp-json\/wp\/v2\/media?parent=4615"}],"wp:term":[{"taxonomy":"product_brand","embeddable":true,"href":"https:\/\/eurotechcenter.eu\/de\/wp-json\/wp\/v2\/product_brand?post=4615"},{"taxonomy":"product_cat","embeddable":true,"href":"https:\/\/eurotechcenter.eu\/de\/wp-json\/wp\/v2\/product_cat?post=4615"},{"taxonomy":"product_tag","embeddable":true,"href":"https:\/\/eurotechcenter.eu\/de\/wp-json\/wp\/v2\/product_tag?post=4615"}],"curies":[{"name":"wp","href":"https:\/\/api.w.org\/{rel}","templated":true}]}}