{"id":4497,"date":"2024-09-03T09:14:18","date_gmt":"2024-09-03T09:14:18","guid":{"rendered":"https:\/\/eurotechcenter.eu\/webshop\/unkategorisiert\/mvt-batterie-tester\/"},"modified":"2024-09-03T09:14:18","modified_gmt":"2024-09-03T09:14:18","slug":"mvt-batterie-tester","status":"publish","type":"product","link":"https:\/\/eurotechcenter.eu\/de\/webshop\/midtronics-de\/mvt-batterie-tester\/","title":{"rendered":"MVT Batterie-Tester"},"content":{"rendered":"<p>Das von MDX-AI unterst\u00fctzte tragbare Batterietestger\u00e4t MVT bietet Diagnosefunktionen, die bei tragbaren Batterietests nicht f\u00fcr m\u00f6glich gehalten wurden. MVT macht Batterietests blitzschnell und liefert gleichzeitig professionelle Genauigkeit.  <\/p>\n<ul>\n<li>3,5\u201d Farbbildschirm.<\/li>\n<li>Eine intuitive Benutzeroberfl\u00e4che.<\/li>\n<li>Over-the-Air-Daten\u00fcbertragung und Aktualisierbarkeit.<\/li>\n<li>E-Mail-Testergebnisse direkt vom Ger\u00e4t aus.<\/li>\n<li>Wiederaufladbare interne Batterie.<\/li>\n<li>Vor Ort austauschbare Kabel.<\/li>\n<li>Optionaler integrierter Drucker.<\/li>\n<\/ul>\n<p><a href=\"https:\/\/www.youtube.com\/watch?v=sulP9CJlN-0\"><a href=\"https:\/\/www.youtube.com\/watch?v=sulP9CJlN-0\">MVT Product video<\/a><\/a><\/p>\n","protected":false},"excerpt":{"rendered":"<p>Das von MDX-AI unterst\u00fctzte tragbare Batterietestger\u00e4t MVT bietet Diagnosefunktionen, die [&#8230;]<\/p>\n","protected":false},"featured_media":4495,"template":"","meta":{"advanced_seo_description":"","jetpack_seo_html_title":"","jetpack_seo_noindex":false},"product_brand":[],"product_cat":[205],"product_tag":[511,460,620],"class_list":{"0":"post-4497","1":"product","2":"type-product","3":"status-publish","4":"has-post-thumbnail","6":"product_cat-midtronics-de","7":"product_tag-batterie-tester","8":"product_tag-midtronics-de","9":"product_tag-mvt-de","10":"pa_product-type-batterie-tester","12":"first","13":"instock","14":"taxable","15":"shipping-taxable","16":"purchasable","17":"product-type-variable"},"jetpack_sharing_enabled":true,"_links":{"self":[{"href":"https:\/\/eurotechcenter.eu\/de\/wp-json\/wp\/v2\/product\/4497","targetHints":{"allow":["GET"]}}],"collection":[{"href":"https:\/\/eurotechcenter.eu\/de\/wp-json\/wp\/v2\/product"}],"about":[{"href":"https:\/\/eurotechcenter.eu\/de\/wp-json\/wp\/v2\/types\/product"}],"wp:featuredmedia":[{"embeddable":true,"href":"https:\/\/eurotechcenter.eu\/de\/wp-json\/wp\/v2\/media\/4495"}],"wp:attachment":[{"href":"https:\/\/eurotechcenter.eu\/de\/wp-json\/wp\/v2\/media?parent=4497"}],"wp:term":[{"taxonomy":"product_brand","embeddable":true,"href":"https:\/\/eurotechcenter.eu\/de\/wp-json\/wp\/v2\/product_brand?post=4497"},{"taxonomy":"product_cat","embeddable":true,"href":"https:\/\/eurotechcenter.eu\/de\/wp-json\/wp\/v2\/product_cat?post=4497"},{"taxonomy":"product_tag","embeddable":true,"href":"https:\/\/eurotechcenter.eu\/de\/wp-json\/wp\/v2\/product_tag?post=4497"}],"curies":[{"name":"wp","href":"https:\/\/api.w.org\/{rel}","templated":true}]}}