{"id":3897,"date":"2024-04-18T07:53:37","date_gmt":"2024-04-18T07:53:37","guid":{"rendered":"https:\/\/eurotechcenter.eu\/onderdelen-oud\/unkategorisiert\/l-sf35-blitzladegeraet-und-akkuhalterung\/"},"modified":"2024-04-18T07:53:37","modified_gmt":"2024-04-18T07:53:37","slug":"l-sf35-blitzladegeraet-und-akkuhalterung","status":"publish","type":"product","link":"https:\/\/eurotechcenter.eu\/de\/webshop\/snap-on-de\/l-sf35-blitzladegeraet-und-akkuhalterung\/","title":{"rendered":"L-SF35 Blitzladeger\u00e4t und Akkuhalterung"},"content":{"rendered":"<p>W\u00fcnschen Sie weitere Informationen zu diesem Artikel?<\/p>\n<p>Kontaktieren Sie den Snap-On-H\u00e4ndler in Ihrer N\u00e4he \u00fcber den unten stehenden Link:<\/p>\n<p><a href=\"https:\/\/www.snapon.de\/franchise-partner-suche\/\">https:\/\/www.snapon.de\/franchise-partner-suche\/<\/a><\/p>\n","protected":false},"excerpt":{"rendered":"<p>W\u00fcnschen Sie weitere Informationen zu diesem Artikel? Kontaktieren Sie den [&#8230;]<\/p>\n","protected":false},"featured_media":3837,"template":"","meta":{"advanced_seo_description":"","jetpack_seo_html_title":"","jetpack_seo_noindex":false},"product_brand":[],"product_cat":[414],"product_tag":[],"class_list":{"0":"post-3897","1":"product","2":"type-product","3":"status-publish","4":"has-post-thumbnail","6":"product_cat-snap-on-de","7":"pa_product-type-batterieladegerate","9":"first","10":"instock","11":"taxable","12":"shipping-taxable","13":"product-type-simple"},"jetpack_sharing_enabled":true,"_links":{"self":[{"href":"https:\/\/eurotechcenter.eu\/de\/wp-json\/wp\/v2\/product\/3897","targetHints":{"allow":["GET"]}}],"collection":[{"href":"https:\/\/eurotechcenter.eu\/de\/wp-json\/wp\/v2\/product"}],"about":[{"href":"https:\/\/eurotechcenter.eu\/de\/wp-json\/wp\/v2\/types\/product"}],"wp:featuredmedia":[{"embeddable":true,"href":"https:\/\/eurotechcenter.eu\/de\/wp-json\/wp\/v2\/media\/3837"}],"wp:attachment":[{"href":"https:\/\/eurotechcenter.eu\/de\/wp-json\/wp\/v2\/media?parent=3897"}],"wp:term":[{"taxonomy":"product_brand","embeddable":true,"href":"https:\/\/eurotechcenter.eu\/de\/wp-json\/wp\/v2\/product_brand?post=3897"},{"taxonomy":"product_cat","embeddable":true,"href":"https:\/\/eurotechcenter.eu\/de\/wp-json\/wp\/v2\/product_cat?post=3897"},{"taxonomy":"product_tag","embeddable":true,"href":"https:\/\/eurotechcenter.eu\/de\/wp-json\/wp\/v2\/product_tag?post=3897"}],"curies":[{"name":"wp","href":"https:\/\/api.w.org\/{rel}","templated":true}]}}