{"id":3798,"date":"2024-04-12T15:02:55","date_gmt":"2024-04-12T15:02:55","guid":{"rendered":"https:\/\/eurotechcenter.eu\/onderdelen-oud\/unkategorisiert\/cx-pro-50-2-diagnose-ladegeraet\/"},"modified":"2024-09-03T08:58:09","modified_gmt":"2024-09-03T08:58:09","slug":"cx-pro-50-2-diagnose-ladegeraet","status":"publish","type":"product","link":"https:\/\/eurotechcenter.eu\/de\/webshop\/midtronics-de\/cx-pro-50-2-diagnose-ladegeraet\/","title":{"rendered":"CX-PRO 50-2 Ladeger\u00e4t"},"content":{"rendered":"<p>Der Midtronics CX-Pro 50-2 ist ein intelligentes Ladeger\u00e4t mit zwei Ausg\u00e4ngen f\u00fcr 12- und 24-V-Batterien, das die Ladeannahme mit der Batteriekonditionierung f\u00fcr eine optimale und sichere Ladung kombiniert. <b>Merkmale:<\/b><\/p>\n<ul>\n<li><b>Auswechselbare Kabel mit einer L\u00e4nge von 5 Metern.<\/b><\/li>\n<li><b>Einfache Ein-Knopf-Bedienung.<\/b><\/li>\n<li><strong>Ein- oder zweikanalige Aufladung.<\/strong><\/li>\n<li><b>Schutz gegen Funken und Verpolung.<\/b><\/li>\n<li><strong>Ladestrom: 1x 50 A einkanalig, 2x 25 A zweikanalig.<\/strong><\/li>\n<li><b>50-Ampere-Stromversorgungsfunktion, f\u00fcr die Diagnoseprogrammierung. (\u00fcber 1 Kanal)<\/b><\/li>\n<li><b>Individuell w\u00e4hlbare Laderoutinen f\u00fcr Nass-, AGM- und GEL-Batterien (f\u00fcr optimale Ladeeffizienz).<\/b><\/li>\n<\/ul>\n<p><strong>Lieferzeit: 4 bis 6 Werktage<\/strong><\/p>\n","protected":false},"excerpt":{"rendered":"<p>Der Midtronics CX-Pro 50-2 ist ein intelligentes Ladeger\u00e4t mit zwei [&#8230;]<\/p>\n","protected":false},"featured_media":3717,"template":"","meta":{"advanced_seo_description":"","jetpack_seo_html_title":"","jetpack_seo_noindex":false},"product_brand":[],"product_cat":[205],"product_tag":[],"class_list":{"0":"post-3798","1":"product","2":"type-product","3":"status-publish","4":"has-post-thumbnail","6":"product_cat-midtronics-de","7":"pa_product-type-batterieladegerate","9":"first","10":"instock","11":"taxable","12":"shipping-taxable","13":"purchasable","14":"product-type-simple"},"jetpack_sharing_enabled":true,"_links":{"self":[{"href":"https:\/\/eurotechcenter.eu\/de\/wp-json\/wp\/v2\/product\/3798","targetHints":{"allow":["GET"]}}],"collection":[{"href":"https:\/\/eurotechcenter.eu\/de\/wp-json\/wp\/v2\/product"}],"about":[{"href":"https:\/\/eurotechcenter.eu\/de\/wp-json\/wp\/v2\/types\/product"}],"wp:featuredmedia":[{"embeddable":true,"href":"https:\/\/eurotechcenter.eu\/de\/wp-json\/wp\/v2\/media\/3717"}],"wp:attachment":[{"href":"https:\/\/eurotechcenter.eu\/de\/wp-json\/wp\/v2\/media?parent=3798"}],"wp:term":[{"taxonomy":"product_brand","embeddable":true,"href":"https:\/\/eurotechcenter.eu\/de\/wp-json\/wp\/v2\/product_brand?post=3798"},{"taxonomy":"product_cat","embeddable":true,"href":"https:\/\/eurotechcenter.eu\/de\/wp-json\/wp\/v2\/product_cat?post=3798"},{"taxonomy":"product_tag","embeddable":true,"href":"https:\/\/eurotechcenter.eu\/de\/wp-json\/wp\/v2\/product_tag?post=3798"}],"curies":[{"name":"wp","href":"https:\/\/api.w.org\/{rel}","templated":true}]}}