{"id":3797,"date":"2024-04-12T14:59:29","date_gmt":"2024-04-12T14:59:29","guid":{"rendered":"https:\/\/eurotechcenter.eu\/onderdelen-oud\/unkategorisiert\/cx-pro-25-diagnose-ladegeraet\/"},"modified":"2024-09-03T09:02:34","modified_gmt":"2024-09-03T09:02:34","slug":"cx-pro-25-diagnose-ladegeraet","status":"publish","type":"product","link":"https:\/\/eurotechcenter.eu\/de\/webshop\/midtronics-de\/cx-pro-25-diagnose-ladegeraet\/","title":{"rendered":"CX-PRO 25 Ladeger\u00e4t"},"content":{"rendered":"<p>Der Midtronics CX-Pro 25 ist ein intelligentes Ladeger\u00e4t, das Ladeannahme und Batteriekonditionierung f\u00fcr eine optimale und sichere Ladung kombiniert. <strong>Merkmale:<\/strong><\/p>\n<ul>\n<li><strong>Auswechselbare Kabel mit einer L\u00e4nge von 5 Metern.<\/strong><\/li>\n<li><strong>Einfache Ein-Knopf-Bedienung.<\/strong><\/li>\n<li><strong>Schutz gegen Funken und Verpolung.<\/strong><\/li>\n<li><strong>25-Ampere-Stromversorgungsfunktion, f\u00fcr die Diagnoseprogrammierung.<\/strong><\/li>\n<li><strong>Individuell w\u00e4hlbare Laderoutinen f\u00fcr Nass-, AGM- und GEL-Batterien (f\u00fcr optimale Ladeeffizienz).<\/strong><\/li>\n<\/ul>\n<p><strong>Lieferzeit: 4 bis 6 Werktage<\/strong><\/p>\n","protected":false},"excerpt":{"rendered":"<p>Der Midtronics CX-Pro 25 ist ein intelligentes Ladeger\u00e4t, das Ladeannahme [&#8230;]<\/p>\n","protected":false},"featured_media":3712,"template":"","meta":{"advanced_seo_description":"","jetpack_seo_html_title":"","jetpack_seo_noindex":false},"product_brand":[],"product_cat":[205],"product_tag":[],"class_list":{"0":"post-3797","1":"product","2":"type-product","3":"status-publish","4":"has-post-thumbnail","6":"product_cat-midtronics-de","7":"pa_product-type-batterieladegerate","9":"first","10":"instock","11":"taxable","12":"shipping-taxable","13":"purchasable","14":"product-type-simple"},"jetpack_sharing_enabled":true,"_links":{"self":[{"href":"https:\/\/eurotechcenter.eu\/de\/wp-json\/wp\/v2\/product\/3797","targetHints":{"allow":["GET"]}}],"collection":[{"href":"https:\/\/eurotechcenter.eu\/de\/wp-json\/wp\/v2\/product"}],"about":[{"href":"https:\/\/eurotechcenter.eu\/de\/wp-json\/wp\/v2\/types\/product"}],"wp:featuredmedia":[{"embeddable":true,"href":"https:\/\/eurotechcenter.eu\/de\/wp-json\/wp\/v2\/media\/3712"}],"wp:attachment":[{"href":"https:\/\/eurotechcenter.eu\/de\/wp-json\/wp\/v2\/media?parent=3797"}],"wp:term":[{"taxonomy":"product_brand","embeddable":true,"href":"https:\/\/eurotechcenter.eu\/de\/wp-json\/wp\/v2\/product_brand?post=3797"},{"taxonomy":"product_cat","embeddable":true,"href":"https:\/\/eurotechcenter.eu\/de\/wp-json\/wp\/v2\/product_cat?post=3797"},{"taxonomy":"product_tag","embeddable":true,"href":"https:\/\/eurotechcenter.eu\/de\/wp-json\/wp\/v2\/product_tag?post=3797"}],"curies":[{"name":"wp","href":"https:\/\/api.w.org\/{rel}","templated":true}]}}