{"id":3773,"date":"2024-04-16T12:38:31","date_gmt":"2024-04-16T12:38:31","guid":{"rendered":"https:\/\/eurotechcenter.eu\/?post_type=product&#038;p=3773"},"modified":"2024-04-16T12:38:31","modified_gmt":"2024-04-16T12:38:31","slug":"eecs350-umfassender-batteriesystemtester","status":"publish","type":"product","link":"https:\/\/eurotechcenter.eu\/de\/webshop\/snap-on-de\/eecs350-umfassender-batteriesystemtester\/","title":{"rendered":"EECS350 Umfassender Batteriesystemtester"},"content":{"rendered":"<p>W\u00fcnschen Sie weitere Informationen zu diesem Artikel?<\/p>\n<p>Kontaktieren Sie den Snap-On-H\u00e4ndler in Ihrer N\u00e4he \u00fcber den unten stehenden Link:<\/p>\n<p><a href=\"https:\/\/www.snapon.de\/franchise-partner-suche\/\">https:\/\/www.snapon.de\/franchise-partner-suche\/<\/a><\/p>\n","protected":false},"excerpt":{"rendered":"<p>W\u00fcnschen Sie weitere Informationen zu diesem Artikel? Kontaktieren Sie den [&#8230;]<\/p>\n","protected":false},"featured_media":3732,"template":"","meta":{"advanced_seo_description":"","jetpack_seo_html_title":"","jetpack_seo_noindex":false},"product_brand":[],"product_cat":[414],"product_tag":[],"class_list":{"0":"post-3773","1":"product","2":"type-product","3":"status-publish","4":"has-post-thumbnail","6":"product_cat-snap-on-de","7":"pa_product-type-batterie-tester","9":"first","10":"instock","11":"taxable","12":"shipping-taxable","13":"product-type-simple"},"jetpack_sharing_enabled":true,"_links":{"self":[{"href":"https:\/\/eurotechcenter.eu\/de\/wp-json\/wp\/v2\/product\/3773","targetHints":{"allow":["GET"]}}],"collection":[{"href":"https:\/\/eurotechcenter.eu\/de\/wp-json\/wp\/v2\/product"}],"about":[{"href":"https:\/\/eurotechcenter.eu\/de\/wp-json\/wp\/v2\/types\/product"}],"wp:featuredmedia":[{"embeddable":true,"href":"https:\/\/eurotechcenter.eu\/de\/wp-json\/wp\/v2\/media\/3732"}],"wp:attachment":[{"href":"https:\/\/eurotechcenter.eu\/de\/wp-json\/wp\/v2\/media?parent=3773"}],"wp:term":[{"taxonomy":"product_brand","embeddable":true,"href":"https:\/\/eurotechcenter.eu\/de\/wp-json\/wp\/v2\/product_brand?post=3773"},{"taxonomy":"product_cat","embeddable":true,"href":"https:\/\/eurotechcenter.eu\/de\/wp-json\/wp\/v2\/product_cat?post=3773"},{"taxonomy":"product_tag","embeddable":true,"href":"https:\/\/eurotechcenter.eu\/de\/wp-json\/wp\/v2\/product_tag?post=3773"}],"curies":[{"name":"wp","href":"https:\/\/api.w.org\/{rel}","templated":true}]}}