{"id":3769,"date":"2024-04-16T12:38:52","date_gmt":"2024-04-16T12:38:52","guid":{"rendered":"https:\/\/eurotechcenter.eu\/?post_type=product&#038;p=3769"},"modified":"2024-04-16T12:38:52","modified_gmt":"2024-04-16T12:38:52","slug":"eecs750a-fortschrittlicher-batteriesystemtester-mit-drucker","status":"publish","type":"product","link":"https:\/\/eurotechcenter.eu\/de\/webshop\/snap-on-de\/eecs750a-fortschrittlicher-batteriesystemtester-mit-drucker\/","title":{"rendered":"EECS750A Fortschrittlicher Batteriesystemtester mit Drucker"},"content":{"rendered":"<p>W\u00fcnschen Sie weitere Informationen zu diesem Artikel?<\/p>\n<p>Kontaktieren Sie den Snap-On-H\u00e4ndler in Ihrer N\u00e4he \u00fcber den unten stehenden Link:<\/p>\n<p><a href=\"https:\/\/snap-on.eu\/contact\/\">https:\/\/snap-on.eu\/contact\/<\/a><\/p>\n","protected":false},"excerpt":{"rendered":"<p>W\u00fcnschen Sie weitere Informationen zu diesem Artikel? Kontaktieren Sie den [&#8230;]<\/p>\n","protected":false},"featured_media":3723,"template":"","meta":{"advanced_seo_description":"","jetpack_seo_html_title":"","jetpack_seo_noindex":false},"product_brand":[],"product_cat":[414],"product_tag":[],"class_list":{"0":"post-3769","1":"product","2":"type-product","3":"status-publish","4":"has-post-thumbnail","6":"product_cat-snap-on-de","7":"pa_product-type-batterie-tester","9":"first","10":"instock","11":"taxable","12":"shipping-taxable","13":"product-type-simple"},"jetpack_sharing_enabled":true,"_links":{"self":[{"href":"https:\/\/eurotechcenter.eu\/de\/wp-json\/wp\/v2\/product\/3769","targetHints":{"allow":["GET"]}}],"collection":[{"href":"https:\/\/eurotechcenter.eu\/de\/wp-json\/wp\/v2\/product"}],"about":[{"href":"https:\/\/eurotechcenter.eu\/de\/wp-json\/wp\/v2\/types\/product"}],"wp:featuredmedia":[{"embeddable":true,"href":"https:\/\/eurotechcenter.eu\/de\/wp-json\/wp\/v2\/media\/3723"}],"wp:attachment":[{"href":"https:\/\/eurotechcenter.eu\/de\/wp-json\/wp\/v2\/media?parent=3769"}],"wp:term":[{"taxonomy":"product_brand","embeddable":true,"href":"https:\/\/eurotechcenter.eu\/de\/wp-json\/wp\/v2\/product_brand?post=3769"},{"taxonomy":"product_cat","embeddable":true,"href":"https:\/\/eurotechcenter.eu\/de\/wp-json\/wp\/v2\/product_cat?post=3769"},{"taxonomy":"product_tag","embeddable":true,"href":"https:\/\/eurotechcenter.eu\/de\/wp-json\/wp\/v2\/product_tag?post=3769"}],"curies":[{"name":"wp","href":"https:\/\/api.w.org\/{rel}","templated":true}]}}