{"id":3767,"date":"2024-04-16T12:38:12","date_gmt":"2024-04-16T12:38:12","guid":{"rendered":"https:\/\/eurotechcenter.eu\/?post_type=product&#038;p=3767"},"modified":"2024-05-22T11:34:31","modified_gmt":"2024-05-22T11:34:31","slug":"tool-base-144v","status":"publish","type":"product","link":"https:\/\/eurotechcenter.eu\/de\/webshop\/snap-on-de\/tool-base-144v\/","title":{"rendered":"Tool Base 14,4V"},"content":{"rendered":"<div class=\"fusion-fullwidth fullwidth-box fusion-builder-row-1 fusion-flex-container nonhundred-percent-fullwidth non-hundred-percent-height-scrolling\" style=\"--awb-border-radius-top-left:0px;--awb-border-radius-top-right:0px;--awb-border-radius-bottom-right:0px;--awb-border-radius-bottom-left:0px;--awb-flex-wrap:wrap;\" ><div class=\"fusion-builder-row fusion-row fusion-flex-align-items-flex-start fusion-flex-content-wrap\" style=\"max-width:1393.6px;margin-left: calc(-4% \/ 2 );margin-right: calc(-4% \/ 2 );\"><div class=\"fusion-layout-column fusion_builder_column fusion-builder-column-0 fusion_builder_column_1_1 1_1 fusion-flex-column\" style=\"--awb-padding-top:0px;--awb-padding-right:0px;--awb-padding-bottom:0px;--awb-padding-left:0px;--awb-bg-size:cover;--awb-width-large:100%;--awb-margin-top-large:0px;--awb-spacing-right-large:1.92%;--awb-margin-bottom-large:0px;--awb-spacing-left-large:1.92%;--awb-width-medium:100%;--awb-order-medium:0;--awb-spacing-right-medium:1.92%;--awb-spacing-left-medium:1.92%;--awb-width-small:100%;--awb-order-small:0;--awb-spacing-right-small:1.92%;--awb-spacing-left-small:1.92%;\" data-scroll-devices=\"small-visibility,medium-visibility,large-visibility\"><div class=\"fusion-column-wrapper fusion-column-has-shadow fusion-flex-justify-content-flex-start fusion-content-layout-column\"><div class=\"fusion-tabs fusion-tabs-1 classic nav-is-justified horizontal-tabs icon-position-left mobile-mode-accordion\" style=\"--awb-margin-top:0px;--awb-margin-right:0px;--awb-margin-bottom:0px;--awb-margin-left:0px;--awb-title-border-radius-top-left:0px;--awb-title-border-radius-top-right:0px;--awb-title-border-radius-bottom-right:0px;--awb-title-border-radius-bottom-left:0px;--awb-title-font-size:14px;--awb-alignment:start;--awb-inactive-color:var(--awb-color2);--awb-background-color:var(--awb-color1);--awb-border-color:var(--awb-color3);--awb-active-border-color:var(--awb-color4);\"><div class=\"nav\"><ul class=\"nav-tabs nav-justified\" role=\"tablist\"><li class=\"active\" role=\"presentation\"><a class=\"tab-link\" data-toggle=\"tab\" role=\"tab\" aria-controls=\"tab-59d835cf6d772542c27\" aria-selected=\"true\" id=\"fusion-tab-beschreibung\" href=\"#tab-59d835cf6d772542c27\"><h6 class=\"fusion-tab-heading\">Beschreibung<\/h6><\/a><\/li><li role=\"presentation\"><a class=\"tab-link\" data-toggle=\"tab\" role=\"tab\" aria-controls=\"tab-b252b420fedcc90e553\" aria-selected=\"false\" tabindex=\"-1\" id=\"fusion-tab-material\" href=\"#tab-b252b420fedcc90e553\"><h6 class=\"fusion-tab-heading\">Material<\/h6><\/a><\/li><\/ul><\/div><div class=\"tab-content\"><div class=\"nav fusion-mobile-tab-nav\"><ul class=\"nav-tabs nav-justified\" role=\"tablist\"><li class=\"active\" role=\"presentation\"><a class=\"tab-link\" data-toggle=\"tab\" role=\"tab\" aria-controls=\"tab-59d835cf6d772542c27\" aria-selected=\"true\" id=\"mobile-fusion-tab-beschreibung\" href=\"#tab-59d835cf6d772542c27\"><h6 class=\"fusion-tab-heading\">Beschreibung<\/h6><\/a><\/li><\/ul><\/div><div class=\"tab-pane fade fusion-clearfix in active\" role=\"tabpanel\" tabindex=\"0\" aria-labelledby=\"fusion-tab-beschreibung\" id=\"tab-59d835cf6d772542c27\">\n<p>Werkzeugsockel passend f\u00fcr alle Snap-On 14,4Volt Powertools zum stabilen Abstellen ohne Batterie.<\/p>\n<p>Kann mit 3 Schrauben an verschiedenen Untergr\u00fcnden befestigt werden (Schrauben nicht im Lieferumfang enthalten).<\/p>\n<hr>\n<p>Werkzeugsockel werden nach Bestellung gefertigt, die Lieferzeit h\u00e4ngt von der Bestellmenge ab.<\/p>\n<\/div><div class=\"nav fusion-mobile-tab-nav\"><ul class=\"nav-tabs nav-justified\" role=\"tablist\"><li role=\"presentation\"><a class=\"tab-link\" data-toggle=\"tab\" role=\"tab\" aria-controls=\"tab-b252b420fedcc90e553\" aria-selected=\"false\" tabindex=\"-1\" id=\"mobile-fusion-tab-material\" href=\"#tab-b252b420fedcc90e553\"><h6 class=\"fusion-tab-heading\">Material<\/h6><\/a><\/li><\/ul><\/div><div class=\"tab-pane fade fusion-clearfix\" role=\"tabpanel\" tabindex=\"0\" aria-labelledby=\"fusion-tab-material\" id=\"tab-b252b420fedcc90e553\">\n<p>Dieses Produkt wird aus PLA (Polymilchs\u00e4ure) hergestellt. Wir m\u00f6chten einige wichtige Punkte im Zusammenhang mit der Verwendung von PLA-Produkten hervorheben.<\/p>\n<ul>\n<li><strong>Biologische Abbaubarkeit:<\/strong> PLA ist unter industriellen Kompostierungsbedingungen biologisch abbaubar.<\/li>\n<li><strong>Beschr\u00e4nkungen:<\/strong> Trotz seiner umweltfreundlichen Eigenschaften hat PLA einige Einschr\u00e4nkungen. So kann es beispielsweise hohen Temperaturen nicht gut standhalten und sich unter bestimmten Bedingungen verformen. Wir empfehlen, die Produkte keinen hohen Temperaturen auszusetzen.<\/li>\n<li><strong>Umweltfreundlichkeit:<\/strong> Die Verwendung von PLA verringert die Abh\u00e4ngigkeit von fossilen Brennstoffen und hat im Allgemeinen einen geringeren Kohlenstoff-Fu\u00dfabdruck als herk\u00f6mmliche Kunststoffmaterialien. Die Verwendung von PLA tr\u00e4gt zu unseren Bem\u00fchungen um Nachhaltigkeit und Umweltschutz bei.<\/li>\n<\/ul>\n<p>Mit der Verwendung dieses Produkts best\u00e4tigt der Benutzer, dass er sich der Eigenschaften von PLA bewusst ist und \u00fcber den richtigen Umgang damit Bescheid wei\u00df. Wenn Sie weitere Fragen oder Anmerkungen haben, wenden Sie sich bitte an uns.<\/p>\n<\/div><\/div><\/div><\/div><\/div><\/div><\/div>\n","protected":false},"excerpt":{"rendered":"","protected":false},"featured_media":4208,"template":"","meta":{"advanced_seo_description":"","jetpack_seo_html_title":"","jetpack_seo_noindex":false},"product_brand":[],"product_cat":[414],"product_tag":[],"class_list":{"0":"post-3767","1":"product","2":"type-product","3":"status-publish","4":"has-post-thumbnail","6":"product_cat-snap-on-de","7":"pa_product-type-accessoires-de","9":"first","10":"instock","11":"taxable","12":"shipping-taxable","13":"purchasable","14":"product-type-simple"},"jetpack_sharing_enabled":true,"_links":{"self":[{"href":"https:\/\/eurotechcenter.eu\/de\/wp-json\/wp\/v2\/product\/3767","targetHints":{"allow":["GET"]}}],"collection":[{"href":"https:\/\/eurotechcenter.eu\/de\/wp-json\/wp\/v2\/product"}],"about":[{"href":"https:\/\/eurotechcenter.eu\/de\/wp-json\/wp\/v2\/types\/product"}],"wp:featuredmedia":[{"embeddable":true,"href":"https:\/\/eurotechcenter.eu\/de\/wp-json\/wp\/v2\/media\/4208"}],"wp:attachment":[{"href":"https:\/\/eurotechcenter.eu\/de\/wp-json\/wp\/v2\/media?parent=3767"}],"wp:term":[{"taxonomy":"product_brand","embeddable":true,"href":"https:\/\/eurotechcenter.eu\/de\/wp-json\/wp\/v2\/product_brand?post=3767"},{"taxonomy":"product_cat","embeddable":true,"href":"https:\/\/eurotechcenter.eu\/de\/wp-json\/wp\/v2\/product_cat?post=3767"},{"taxonomy":"product_tag","embeddable":true,"href":"https:\/\/eurotechcenter.eu\/de\/wp-json\/wp\/v2\/product_tag?post=3767"}],"curies":[{"name":"wp","href":"https:\/\/api.w.org\/{rel}","templated":true}]}}