{"id":3765,"date":"2024-04-16T12:37:50","date_gmt":"2024-04-16T12:37:50","guid":{"rendered":"https:\/\/eurotechcenter.eu\/?post_type=product&#038;p=3765"},"modified":"2024-04-16T12:37:50","modified_gmt":"2024-04-16T12:37:50","slug":"tool-base-18v","status":"publish","type":"product","link":"https:\/\/eurotechcenter.eu\/de\/webshop\/snap-on-de\/tool-base-18v\/","title":{"rendered":"Tool Base 18V"},"content":{"rendered":"<p>Tool Base passend f\u00fcr alle 18 Volt Powertools von Snap-On zum stabilen Abstellen ohne Akku.<\/p>\n<p>Kann mit 3 Schrauben an verschiedenen Untergr\u00fcnden befestigt werden. (Schrauben nicht enthalten)<\/p>\n<hr>\n<h6><\/h6>\n<h6>&#8211; Da dieses Produkt aus PLA (Polymilchs\u00e4ure) hergestellt wird, m\u00f6chten wir einige wichtige Punkte bez\u00fcglich der Verwendung von PLA-Produkten hervorheben.<\/h6>\n<ol>\n<li>\n<h6><b>Biologische Abbaubarkeit:<\/b> PLA ist unter industriellen Kompostierungsbedingungen biologisch abbaubar.<\/h6>\n<\/li>\n<li>\n<h6><b>Beschr\u00e4nkungen:<\/b> Trotz seiner umweltfreundlichen Eigenschaften hat PLA einige Einschr\u00e4nkungen. So kann es beispielsweise hohen Temperaturen nicht gut standhalten und sich unter bestimmten Bedingungen verformen. Wir empfehlen, die Produkte keinen hohen Temperaturen auszusetzen.<\/h6>\n<\/li>\n<li>\n<h6><b>Umweltfreundlichkeit:<\/b> Die Verwendung von PLA verringert die Abh\u00e4ngigkeit von fossilen Brennstoffen und hat im Allgemeinen einen geringeren Kohlenstoff-Fu\u00dfabdruck als herk\u00f6mmliche Kunststoffmaterialien. Die Verwendung von PLA tr\u00e4gt zu unseren Bem\u00fchungen um Nachhaltigkeit und Umweltschutz bei.<\/h6>\n<\/li>\n<\/ol>\n<h6>Mit der Verwendung dieses Produkts best\u00e4tigt der Benutzer, dass er sich der Eigenschaften von PLA bewusst ist und \u00fcber den richtigen Umgang damit Bescheid wei\u00df.<\/h6>\n<h6><b><i>Wenn Sie weitere Fragen oder Anmerkungen haben, wenden Sie sich bitte an uns.<\/i><\/b><\/h6>\n","protected":false},"excerpt":{"rendered":"<p>Tool Base passend f\u00fcr alle 18 Volt Powertools von Snap-On [&#8230;]<\/p>\n","protected":false},"featured_media":3779,"template":"","meta":{"advanced_seo_description":"","jetpack_seo_html_title":"","jetpack_seo_noindex":false},"product_brand":[],"product_cat":[414],"product_tag":[],"class_list":{"0":"post-3765","1":"product","2":"type-product","3":"status-publish","4":"has-post-thumbnail","6":"product_cat-snap-on-de","7":"pa_product-type-accessoires-de","9":"first","10":"instock","11":"taxable","12":"shipping-taxable","13":"purchasable","14":"product-type-simple"},"jetpack_sharing_enabled":true,"_links":{"self":[{"href":"https:\/\/eurotechcenter.eu\/de\/wp-json\/wp\/v2\/product\/3765","targetHints":{"allow":["GET"]}}],"collection":[{"href":"https:\/\/eurotechcenter.eu\/de\/wp-json\/wp\/v2\/product"}],"about":[{"href":"https:\/\/eurotechcenter.eu\/de\/wp-json\/wp\/v2\/types\/product"}],"wp:featuredmedia":[{"embeddable":true,"href":"https:\/\/eurotechcenter.eu\/de\/wp-json\/wp\/v2\/media\/3779"}],"wp:attachment":[{"href":"https:\/\/eurotechcenter.eu\/de\/wp-json\/wp\/v2\/media?parent=3765"}],"wp:term":[{"taxonomy":"product_brand","embeddable":true,"href":"https:\/\/eurotechcenter.eu\/de\/wp-json\/wp\/v2\/product_brand?post=3765"},{"taxonomy":"product_cat","embeddable":true,"href":"https:\/\/eurotechcenter.eu\/de\/wp-json\/wp\/v2\/product_cat?post=3765"},{"taxonomy":"product_tag","embeddable":true,"href":"https:\/\/eurotechcenter.eu\/de\/wp-json\/wp\/v2\/product_tag?post=3765"}],"curies":[{"name":"wp","href":"https:\/\/api.w.org\/{rel}","templated":true}]}}