{"id":3599,"date":"2024-03-22T09:54:13","date_gmt":"2024-03-22T09:54:13","guid":{"rendered":"https:\/\/eurotechcenter.eu\/onderdelen-oud\/unkategorisiert\/a684-cpx-900-ersatzkabel-12m\/"},"modified":"2024-06-19T10:29:33","modified_gmt":"2024-06-19T10:29:33","slug":"a684-cpx-900-ersatzkabel-12m","status":"publish","type":"product","link":"https:\/\/eurotechcenter.eu\/de\/webshop\/midtronics-de\/a684-cpx-900-ersatzkabel-12m\/","title":{"rendered":"A684 CPX-Serie Ersatzkabel, 1,2M"},"content":{"rendered":"<p>Hinweis: Ersatzkabel m\u00fcssen in der gleichen L\u00e4nge wie das vorhandene Kabel bestellt werden. Die Bestellung einer anderen L\u00e4nge kann die Genauigkeit der Pr\u00fcfergebnisse beeintr\u00e4chtigen.<\/p>\n","protected":false},"excerpt":{"rendered":"<p>Hinweis: Ersatzkabel m\u00fcssen in der gleichen L\u00e4nge wie das vorhandene [&#8230;]<\/p>\n","protected":false},"featured_media":3415,"template":"","meta":{"advanced_seo_description":"","jetpack_seo_html_title":"","jetpack_seo_noindex":false},"product_brand":[],"product_cat":[205],"product_tag":[590,495,492,460],"class_list":{"0":"post-3599","1":"product","2":"type-product","3":"status-publish","4":"has-post-thumbnail","6":"product_cat-midtronics-de","7":"product_tag-130-000888-de","8":"product_tag-cpx-series-de","9":"product_tag-ersatzkabel","10":"product_tag-midtronics-de","11":"pa_product-type-kabels-de","13":"first","14":"instock","15":"taxable","16":"shipping-taxable","17":"purchasable","18":"product-type-simple"},"jetpack_sharing_enabled":true,"_links":{"self":[{"href":"https:\/\/eurotechcenter.eu\/de\/wp-json\/wp\/v2\/product\/3599","targetHints":{"allow":["GET"]}}],"collection":[{"href":"https:\/\/eurotechcenter.eu\/de\/wp-json\/wp\/v2\/product"}],"about":[{"href":"https:\/\/eurotechcenter.eu\/de\/wp-json\/wp\/v2\/types\/product"}],"wp:featuredmedia":[{"embeddable":true,"href":"https:\/\/eurotechcenter.eu\/de\/wp-json\/wp\/v2\/media\/3415"}],"wp:attachment":[{"href":"https:\/\/eurotechcenter.eu\/de\/wp-json\/wp\/v2\/media?parent=3599"}],"wp:term":[{"taxonomy":"product_brand","embeddable":true,"href":"https:\/\/eurotechcenter.eu\/de\/wp-json\/wp\/v2\/product_brand?post=3599"},{"taxonomy":"product_cat","embeddable":true,"href":"https:\/\/eurotechcenter.eu\/de\/wp-json\/wp\/v2\/product_cat?post=3599"},{"taxonomy":"product_tag","embeddable":true,"href":"https:\/\/eurotechcenter.eu\/de\/wp-json\/wp\/v2\/product_tag?post=3599"}],"curies":[{"name":"wp","href":"https:\/\/api.w.org\/{rel}","templated":true}]}}