{"id":3598,"date":"2024-03-22T10:45:37","date_gmt":"2024-03-22T10:45:37","guid":{"rendered":"https:\/\/eurotechcenter.eu\/onderdelen-oud\/unkategorisiert\/a083-exp-1000-ersatzkabel-30m\/"},"modified":"2024-03-22T10:45:37","modified_gmt":"2024-03-22T10:45:37","slug":"a083-exp-1000-ersatzkabel-30m","status":"publish","type":"product","link":"https:\/\/eurotechcenter.eu\/de\/webshop\/midtronics-de\/a083-exp-1000-ersatzkabel-30m\/","title":{"rendered":"A083 EXP-1000 Ersatzkabel, 3,0M"},"content":{"rendered":"<p>Hinweis: Ersatzkabel m\u00fcssen in der gleichen L\u00e4nge wie das vorhandene Kabel bestellt werden. Die Bestellung einer anderen L\u00e4nge kann die Genauigkeit der Pr\u00fcfergebnisse beeintr\u00e4chtigen.<\/p>\n","protected":false},"excerpt":{"rendered":"<p>Hinweis: Ersatzkabel m\u00fcssen in der gleichen L\u00e4nge wie das vorhandene [&#8230;]<\/p>\n","protected":false},"featured_media":3440,"template":"","meta":{"advanced_seo_description":"","jetpack_seo_html_title":"","jetpack_seo_noindex":false},"product_brand":[],"product_cat":[205],"product_tag":[600,492,491,460],"class_list":{"0":"post-3598","1":"product","2":"type-product","3":"status-publish","4":"has-post-thumbnail","6":"product_cat-midtronics-de","7":"product_tag-130-078-de","8":"product_tag-ersatzkabel","9":"product_tag-exp-series-de","10":"product_tag-midtronics-de","11":"pa_product-type-kabels-de","13":"first","14":"instock","15":"taxable","16":"shipping-taxable","17":"purchasable","18":"product-type-simple"},"jetpack_sharing_enabled":true,"_links":{"self":[{"href":"https:\/\/eurotechcenter.eu\/de\/wp-json\/wp\/v2\/product\/3598","targetHints":{"allow":["GET"]}}],"collection":[{"href":"https:\/\/eurotechcenter.eu\/de\/wp-json\/wp\/v2\/product"}],"about":[{"href":"https:\/\/eurotechcenter.eu\/de\/wp-json\/wp\/v2\/types\/product"}],"wp:featuredmedia":[{"embeddable":true,"href":"https:\/\/eurotechcenter.eu\/de\/wp-json\/wp\/v2\/media\/3440"}],"wp:attachment":[{"href":"https:\/\/eurotechcenter.eu\/de\/wp-json\/wp\/v2\/media?parent=3598"}],"wp:term":[{"taxonomy":"product_brand","embeddable":true,"href":"https:\/\/eurotechcenter.eu\/de\/wp-json\/wp\/v2\/product_brand?post=3598"},{"taxonomy":"product_cat","embeddable":true,"href":"https:\/\/eurotechcenter.eu\/de\/wp-json\/wp\/v2\/product_cat?post=3598"},{"taxonomy":"product_tag","embeddable":true,"href":"https:\/\/eurotechcenter.eu\/de\/wp-json\/wp\/v2\/product_tag?post=3598"}],"curies":[{"name":"wp","href":"https:\/\/api.w.org\/{rel}","templated":true}]}}