{"id":3595,"date":"2024-03-22T10:56:05","date_gmt":"2024-03-22T10:56:05","guid":{"rendered":"https:\/\/eurotechcenter.eu\/onderdelen-oud\/unkategorisiert\/a182-exp-1000-ersatzkabel-20m-piranha\/"},"modified":"2024-04-26T06:53:17","modified_gmt":"2024-04-26T06:53:17","slug":"a182-exp-1000-ersatzkabel-20m-piranha","status":"publish","type":"product","link":"https:\/\/eurotechcenter.eu\/de\/webshop\/midtronics-de\/a182-exp-1000-ersatzkabel-20m-piranha\/","title":{"rendered":"A182 EXP-1000 Ersatzkabel, 2,0m Piranha"},"content":{"rendered":"<p>Ersatzkabel f\u00fcr Mercedes Benz Batterietester.<\/p>\n<p>Hinweis: Ersatzkabel m\u00fcssen in der gleichen L\u00e4nge wie das vorhandene Kabel bestellt werden. Die Bestellung einer anderen L\u00e4nge kann die Genauigkeit der Pr\u00fcfergebnisse beeintr\u00e4chtigen.<\/p>\n","protected":false},"excerpt":{"rendered":"<p>Ersatzkabel f\u00fcr Mercedes Benz Batterietester. Hinweis: Ersatzkabel m\u00fcssen in der [&#8230;]<\/p>\n","protected":false},"featured_media":3455,"template":"","meta":{"advanced_seo_description":"","jetpack_seo_html_title":"","jetpack_seo_noindex":false},"product_brand":[],"product_cat":[205],"product_tag":[492,491,493,460],"class_list":{"0":"post-3595","1":"product","2":"type-product","3":"status-publish","4":"has-post-thumbnail","6":"product_cat-midtronics-de","7":"product_tag-ersatzkabel","8":"product_tag-exp-series-de","9":"product_tag-mercedes-de","10":"product_tag-midtronics-de","11":"pa_product-type-kabels-de","13":"first","14":"instock","15":"taxable","16":"shipping-taxable","17":"purchasable","18":"product-type-simple"},"jetpack_sharing_enabled":true,"_links":{"self":[{"href":"https:\/\/eurotechcenter.eu\/de\/wp-json\/wp\/v2\/product\/3595","targetHints":{"allow":["GET"]}}],"collection":[{"href":"https:\/\/eurotechcenter.eu\/de\/wp-json\/wp\/v2\/product"}],"about":[{"href":"https:\/\/eurotechcenter.eu\/de\/wp-json\/wp\/v2\/types\/product"}],"wp:featuredmedia":[{"embeddable":true,"href":"https:\/\/eurotechcenter.eu\/de\/wp-json\/wp\/v2\/media\/3455"}],"wp:attachment":[{"href":"https:\/\/eurotechcenter.eu\/de\/wp-json\/wp\/v2\/media?parent=3595"}],"wp:term":[{"taxonomy":"product_brand","embeddable":true,"href":"https:\/\/eurotechcenter.eu\/de\/wp-json\/wp\/v2\/product_brand?post=3595"},{"taxonomy":"product_cat","embeddable":true,"href":"https:\/\/eurotechcenter.eu\/de\/wp-json\/wp\/v2\/product_cat?post=3595"},{"taxonomy":"product_tag","embeddable":true,"href":"https:\/\/eurotechcenter.eu\/de\/wp-json\/wp\/v2\/product_tag?post=3595"}],"curies":[{"name":"wp","href":"https:\/\/api.w.org\/{rel}","templated":true}]}}