{"id":4113,"date":"2024-04-27T06:48:24","date_gmt":"2024-04-27T06:48:24","guid":{"rendered":"https:\/\/eurotechcenter.eu\/datenschutz\/"},"modified":"2024-04-27T07:20:25","modified_gmt":"2024-04-27T07:20:25","slug":"datenschutz","status":"publish","type":"page","link":"https:\/\/eurotechcenter.eu\/de\/datenschutz\/","title":{"rendered":"Datenschutz"},"content":{"rendered":"<div class=\"fusion-fullwidth fullwidth-box fusion-builder-row-1 fusion-flex-container has-pattern-background has-mask-background nonhundred-percent-fullwidth non-hundred-percent-height-scrolling\" style=\"--awb-border-radius-top-left:0px;--awb-border-radius-top-right:0px;--awb-border-radius-bottom-right:0px;--awb-border-radius-bottom-left:0px;--awb-margin-bottom:50px;--awb-flex-wrap:wrap;\" ><div class=\"fusion-builder-row fusion-row fusion-flex-align-items-flex-start fusion-flex-content-wrap\" style=\"max-width:1393.6px;margin-left: calc(-4% \/ 2 );margin-right: calc(-4% \/ 2 );\"><div class=\"fusion-layout-column fusion_builder_column fusion-builder-column-0 fusion_builder_column_1_1 1_1 fusion-flex-column\" style=\"--awb-padding-top:35px;--awb-padding-right:20px;--awb-padding-left:20px;--awb-padding-top-medium:0px;--awb-padding-top-small:0px;--awb-bg-size:cover;--awb-width-large:100%;--awb-margin-top-large:0px;--awb-spacing-right-large:1.92%;--awb-margin-bottom-large:0px;--awb-spacing-left-large:1.92%;--awb-width-medium:100%;--awb-order-medium:0;--awb-spacing-right-medium:1.92%;--awb-spacing-left-medium:1.92%;--awb-width-small:100%;--awb-order-small:0;--awb-spacing-right-small:1.92%;--awb-spacing-left-small:1.92%;\"><div class=\"fusion-column-wrapper fusion-column-has-shadow fusion-flex-justify-content-flex-start fusion-content-layout-column\"><div class=\"fusion-title title fusion-title-1 fusion-sep-none fusion-title-text fusion-title-size-three\"><h3 class=\"fusion-title-heading title-heading-left\" style=\"margin:0;text-transform:uppercase;\">Datenschutz<\/h3><\/div><div class=\"fusion-text fusion-text-1 fusion-text-no-margin\" style=\"--awb-margin-bottom:20px;\"><p><em>Version 0.2<\/em><br \/>\nDiese Seite wurde zuletzt am <em>09-04-2020<\/em> ge\u00e4ndert.<\/p>\n<p>Wir sind uns bewusst, dass Sie uns vertrauen. Wir sehen es daher als unsere Verantwortung an, Ihre Privatsph\u00e4re zu sch\u00fctzen. Auf dieser Seite teilen wir Ihnen mit, welche Daten wir sammeln, wenn Sie unsere Website nutzen, warum wir diese Daten sammeln und wie wir Ihre Benutzererfahrung verbessern. Auf diese Weise verstehen Sie genau, wie wir arbeiten.<\/p>\n<p>Diese Datenschutzerkl\u00e4rung gilt f\u00fcr die Dienste des <em> EuroTech Center<\/em>. Sie sollten sich bewusst sein, dass das <em>EuroTech Center<\/em> nicht f\u00fcr die Datenschutzpraktiken anderer Websites und Ressourcen verantwortlich ist. Durch die Nutzung dieser Website erkl\u00e4ren Sie sich mit den Datenschutzbestimmungen einverstanden.<\/p>\n<p><em>EuroTech Center<\/em> respektiert die Privatsph\u00e4re aller Benutzer seiner Website und stellt sicher, dass die pers\u00f6nlichen Daten, die Sie uns zur Verf\u00fcgung stellen, vertraulich behandelt werden.<\/p>\n<h4>Unsere Verwendung der gesammelten Daten<\/h4>\n<h5>Nutzung unserer Dienste<\/h5>\n<p>Wenn Sie sich f\u00fcr einen unserer Dienste anmelden, bitten wir Sie, pers\u00f6nliche Daten anzugeben. Diese Daten werden zur Ausf\u00fchrung des Dienstes verwendet. Die Daten werden auf sicheren Servern von <em>EuroTech Center<\/em> oder von Dritten gespeichert. Wir werden diese Informationen nicht mit anderen pers\u00f6nlichen Informationen kombinieren.<\/p>\n<h5>Kommunikation<\/h5>\n<p>Wenn Sie uns E-Mails oder andere Nachrichten senden, speichern wir diese m\u00f6glicherweise. Manchmal fragen wir Sie nach Ihren pers\u00f6nlichen Daten, die f\u00fcr die jeweilige Situation relevant sind. Dies erm\u00f6glicht es, Ihre Fragen zu bearbeiten und Ihre Anfragen zu beantworten. Die Daten werden auf sicheren Servern von <em>EuroTech Center<\/em> oder von Dritten gespeichert. Wir werden diese Informationen nicht mit anderen pers\u00f6nlichen Informationen kombinieren.<\/p>\n<h5>Cookies<\/h5>\n<p>Wir sammeln Daten f\u00fcr die Forschung, um einen besseren Einblick in unsere Kunden zu erhalten und um unsere Dienstleistungen entsprechend anpassen zu k\u00f6nnen.<\/p>\n<p>Diese Website verwendet &#8222;Cookies&#8220; (kleine Textdateien, die auf Ihrem Computer abgelegt werden), damit die Website analysieren kann, wie Benutzer die Website nutzen. Die durch den Cookie erzeugten Informationen \u00fcber Ihre Nutzung der Website k\u00f6nnen auf sichere Server des <em>EuroTech Center<\/em> oder auf Server Dritter \u00fcbertragen werden. Wir verwenden diese Informationen, um zu verfolgen, wie Sie die Website nutzen, um Berichte \u00fcber Website-Aktivit\u00e4ten zu erstellen und um andere Dienste im Zusammenhang mit Website-Aktivit\u00e4ten und Internetnutzung bereitzustellen.<\/p>\n<h4>Zwecke<\/h4>\n<p>Wir sammeln oder verwenden Informationen nicht f\u00fcr andere als die in dieser Datenschutzrichtlinie beschriebenen Zwecke, es sei denn, wir haben Ihre vorherige Zustimmung eingeholt.<\/p>\n<h4>Dritte<\/h4>\n<p>Die Informationen werden nicht an Dritte weitergegeben. In einigen F\u00e4llen k\u00f6nnen die Informationen intern geteilt werden. Unsere Mitarbeiter sind verpflichtet, die Vertraulichkeit Ihrer Daten zu respektieren.<\/p>\n<h4>\u00c4nderungen<\/h4>\n<p>Diese Datenschutzerkl\u00e4rung ist auf die Nutzung und die M\u00f6glichkeiten dieser Website zugeschnitten. \u00c4nderungen und oder Erg\u00e4nzungen dieser Website k\u00f6nnen zu \u00c4nderungen dieser Datenschutzerkl\u00e4rung f\u00fchren. Es ist daher ratsam, diese Datenschutzerkl\u00e4rung regelm\u00e4\u00dfig zu konsultieren.<\/p>\n<h4>Auswahlm\u00f6glichkeiten f\u00fcr personenbezogene Daten<\/h4>\n<p>Wir bieten allen Besuchern die M\u00f6glichkeit, alle uns derzeit zur Verf\u00fcgung gestellten pers\u00f6nlichen Daten anzuzeigen, zu \u00e4ndern oder zu l\u00f6schen.<\/p>\n<h5>Newsletter-Service bearbeiten \/ abbestellen<\/h5>\n<p>Am Ende jedes Mailings finden Sie die M\u00f6glichkeit, Ihre Daten zu \u00e4ndern oder sich abzumelden.<\/p>\n<h5>Kommunikation anpassen \/ abbestellen<\/h5>\n<p>Wenn Sie Ihre Daten \u00e4ndern oder sich aus unseren Dateien l\u00f6schen m\u00f6chten, kontaktieren Sie uns bitte. Siehe Kontaktdaten unten.<\/p>\n<h5>Cookies ausschalten<\/h5>\n<p>Die meisten Browser akzeptieren standardm\u00e4\u00dfig Cookies. Sie k\u00f6nnen Ihren Browser jedoch zur\u00fccksetzen, um alle Cookies abzulehnen oder anzugeben, wann ein Cookie gesendet wird. Einige Funktionen und Dienste auf unseren und anderen Websites funktionieren jedoch m\u00f6glicherweise nicht ordnungsgem\u00e4\u00df, wenn Cookies in Ihrem Browser deaktiviert sind.<\/p>\n<h4>Fragen und Feedback<\/h4>\n<p>Wir \u00fcberpr\u00fcfen regelm\u00e4\u00dfig, ob wir diese Datenschutzrichtlinie einhalten. Wenn Sie Fragen zu dieser Datenschutzrichtlinie haben, wenden Sie sich bitte an uns:<\/p>\n<p><strong><em>EuroTech Center<\/em><\/strong><br \/>\n<em>Dorresteinweg 66C<br \/>\n<\/em>3762 KK Soest<br \/>\n<em>info@eurotechcenter.eu<\/em><\/p>\n<\/div><\/div><\/div><\/div><\/div>\n","protected":false},"excerpt":{"rendered":"","protected":false},"author":1,"featured_media":0,"parent":0,"menu_order":0,"comment_status":"closed","ping_status":"closed","template":"","meta":{"advanced_seo_description":"","jetpack_seo_html_title":"","jetpack_seo_noindex":false,"footnotes":""},"class_list":["post-4113","page","type-page","status-publish","hentry"],"jetpack_sharing_enabled":true,"_links":{"self":[{"href":"https:\/\/eurotechcenter.eu\/de\/wp-json\/wp\/v2\/pages\/4113","targetHints":{"allow":["GET"]}}],"collection":[{"href":"https:\/\/eurotechcenter.eu\/de\/wp-json\/wp\/v2\/pages"}],"about":[{"href":"https:\/\/eurotechcenter.eu\/de\/wp-json\/wp\/v2\/types\/page"}],"author":[{"embeddable":true,"href":"https:\/\/eurotechcenter.eu\/de\/wp-json\/wp\/v2\/users\/1"}],"replies":[{"embeddable":true,"href":"https:\/\/eurotechcenter.eu\/de\/wp-json\/wp\/v2\/comments?post=4113"}],"version-history":[{"count":0,"href":"https:\/\/eurotechcenter.eu\/de\/wp-json\/wp\/v2\/pages\/4113\/revisions"}],"wp:attachment":[{"href":"https:\/\/eurotechcenter.eu\/de\/wp-json\/wp\/v2\/media?parent=4113"}],"curies":[{"name":"wp","href":"https:\/\/api.w.org\/{rel}","templated":true}]}}