{"id":4104,"date":"2024-04-27T05:41:12","date_gmt":"2024-04-27T05:41:12","guid":{"rendered":"https:\/\/eurotechcenter.eu\/impressum\/"},"modified":"2024-04-27T07:12:50","modified_gmt":"2024-04-27T07:12:50","slug":"impressum","status":"publish","type":"page","link":"https:\/\/eurotechcenter.eu\/de\/impressum\/","title":{"rendered":"Impressum"},"content":{"rendered":"<div class=\"fusion-fullwidth fullwidth-box fusion-builder-row-1 fusion-flex-container has-pattern-background has-mask-background nonhundred-percent-fullwidth non-hundred-percent-height-scrolling\" style=\"--awb-border-radius-top-left:0px;--awb-border-radius-top-right:0px;--awb-border-radius-bottom-right:0px;--awb-border-radius-bottom-left:0px;--awb-margin-bottom:50px;--awb-flex-wrap:wrap;\" ><div class=\"fusion-builder-row fusion-row fusion-flex-align-items-flex-start fusion-flex-content-wrap\" style=\"max-width:1393.6px;margin-left: calc(-4% \/ 2 );margin-right: calc(-4% \/ 2 );\"><div class=\"fusion-layout-column fusion_builder_column fusion-builder-column-0 fusion_builder_column_1_1 1_1 fusion-flex-column\" style=\"--awb-padding-top:35px;--awb-padding-right:20px;--awb-padding-left:20px;--awb-padding-top-medium:0px;--awb-padding-top-small:0px;--awb-bg-size:cover;--awb-width-large:100%;--awb-margin-top-large:0px;--awb-spacing-right-large:1.92%;--awb-margin-bottom-large:0px;--awb-spacing-left-large:1.92%;--awb-width-medium:100%;--awb-order-medium:0;--awb-spacing-right-medium:1.92%;--awb-spacing-left-medium:1.92%;--awb-width-small:100%;--awb-order-small:0;--awb-spacing-right-small:1.92%;--awb-spacing-left-small:1.92%;\"><div class=\"fusion-column-wrapper fusion-column-has-shadow fusion-flex-justify-content-flex-start fusion-content-layout-column\"><div class=\"fusion-title title fusion-title-1 fusion-sep-none fusion-title-text fusion-title-size-three\"><h3 class=\"fusion-title-heading title-heading-left\" style=\"margin:0;letter-spacing:var(--awb-typography1-letter-spacing);text-transform:var(--awb-typography1-text-transform);line-height:var(--awb-typography1-line-height);\">Impressum<\/h3><\/div><div class=\"fusion-text fusion-text-1 fusion-text-no-margin\" style=\"--awb-margin-bottom:20px;\"><p><strong>EuroTech Center<\/strong><br \/>\nDorresteinweg 66C<br \/>\n3762 KK SOEST<\/p>\n<p><strong>E<\/strong>: info@eurotechcenter.eu<br \/>\n<strong>T<\/strong>: 0356 242322<\/p>\n<p>Gesch\u00e4ftsf\u00fchrer und verantwortlich f\u00fcr den Inhalt von eurotechcenter.eu: Pedro Roodenburg.<\/p>\n<p>EuroTech Center ist ein Handelsname von Autodidact BV.<br \/>\nHandelsregister: 32081828<br \/>\nUst-ID-Nr.: NL809152320B01<br \/>\nDie Dienstleistungen von EuroTech Center werden gem\u00e4\u00df unseren <a href=\"https:\/\/eurotechcenter.eu\/nl\/algemene-voorwaarden\/\">Allgemeinen Gesch\u00e4ftsbedingungen <\/a>erbracht.<\/p>\n<p>Bei Fragen zu unserer Website senden Sie eine Nachricht an info@eurotechcenter.eu.<\/p>\n<p><strong>Copyright<\/strong><br \/>\nCopyright EuroTech Center und Inhaltsanbieter. Eine erneute Ver\u00f6ffentlichung (eines Teils) des Inhalts unserer Websites ohne vorherige schriftliche Genehmigung des EuroTech Centers ist ausdr\u00fccklich untersagt.<br \/>\nEuroTech Center hat keinen Einfluss auf den Inhalt und die Erstellung des Inhalts verlinkter Websites oder Websites, die auf EuroTech Center verlinken.<\/p>\n<div class=\"Te80D\">\n<div class=\"_3l4Fr\">\n<p><strong>Datenschutzerkl\u00e4rung<\/strong><br \/>\nDas EuroTech Center respektiert die Privatsph\u00e4re der Benutzer unserer Website und stellt sicher, dass die pers\u00f6nlichen Daten, die Sie uns zur Verf\u00fcgung stellen, streng vertraulich behandelt werden. Wir verwenden diese Informationen, um unsere Dienstleistungen zu verbessern. <a href=\"https:\/\/eurotechcenter.eu\/contact\/privacy-beleid\/\">Hier finden Sie unsere Datenschutzerkl\u00e4rung<\/a>.<\/p>\n<\/div>\n<\/div>\n<\/div><\/div><\/div><\/div><\/div>\n","protected":false},"excerpt":{"rendered":"","protected":false},"author":1,"featured_media":0,"parent":0,"menu_order":17,"comment_status":"closed","ping_status":"closed","template":"100-width.php","meta":{"advanced_seo_description":"","jetpack_seo_html_title":"","jetpack_seo_noindex":false,"footnotes":""},"class_list":["post-4104","page","type-page","status-publish","hentry"],"jetpack_sharing_enabled":true,"_links":{"self":[{"href":"https:\/\/eurotechcenter.eu\/de\/wp-json\/wp\/v2\/pages\/4104","targetHints":{"allow":["GET"]}}],"collection":[{"href":"https:\/\/eurotechcenter.eu\/de\/wp-json\/wp\/v2\/pages"}],"about":[{"href":"https:\/\/eurotechcenter.eu\/de\/wp-json\/wp\/v2\/types\/page"}],"author":[{"embeddable":true,"href":"https:\/\/eurotechcenter.eu\/de\/wp-json\/wp\/v2\/users\/1"}],"replies":[{"embeddable":true,"href":"https:\/\/eurotechcenter.eu\/de\/wp-json\/wp\/v2\/comments?post=4104"}],"version-history":[{"count":0,"href":"https:\/\/eurotechcenter.eu\/de\/wp-json\/wp\/v2\/pages\/4104\/revisions"}],"wp:attachment":[{"href":"https:\/\/eurotechcenter.eu\/de\/wp-json\/wp\/v2\/media?parent=4104"}],"curies":[{"name":"wp","href":"https:\/\/api.w.org\/{rel}","templated":true}]}}