{"id":4096,"date":"2024-04-27T05:51:56","date_gmt":"2024-04-27T05:51:56","guid":{"rendered":"https:\/\/eurotechcenter.eu\/algemeine-geschaefts-bedingungen\/"},"modified":"2025-10-15T07:55:03","modified_gmt":"2025-10-15T07:55:03","slug":"algemeine-geschaefts-bedingungen","status":"publish","type":"page","link":"https:\/\/eurotechcenter.eu\/de\/algemeine-geschaefts-bedingungen\/","title":{"rendered":"Algemeine Gesch\u00e4fts Bedingungen"},"content":{"rendered":"<div class=\"fusion-fullwidth fullwidth-box fusion-builder-row-1 fusion-flex-container has-pattern-background has-mask-background nonhundred-percent-fullwidth non-hundred-percent-height-scrolling\" style=\"--awb-border-radius-top-left:0px;--awb-border-radius-top-right:0px;--awb-border-radius-bottom-right:0px;--awb-border-radius-bottom-left:0px;--awb-margin-bottom:50px;--awb-flex-wrap:wrap;\" ><div class=\"fusion-builder-row fusion-row fusion-flex-align-items-flex-start fusion-flex-content-wrap\" style=\"max-width:1393.6px;margin-left: calc(-4% \/ 2 );margin-right: calc(-4% \/ 2 );\"><div class=\"fusion-layout-column fusion_builder_column fusion-builder-column-0 fusion_builder_column_1_1 1_1 fusion-flex-column\" style=\"--awb-padding-top:35px;--awb-padding-right:20px;--awb-padding-left:20px;--awb-padding-top-medium:0px;--awb-padding-top-small:0px;--awb-bg-size:cover;--awb-width-large:100%;--awb-margin-top-large:0px;--awb-spacing-right-large:1.92%;--awb-margin-bottom-large:0px;--awb-spacing-left-large:1.92%;--awb-width-medium:100%;--awb-order-medium:0;--awb-spacing-right-medium:1.92%;--awb-spacing-left-medium:1.92%;--awb-width-small:100%;--awb-order-small:0;--awb-spacing-right-small:1.92%;--awb-spacing-left-small:1.92%;\"><div class=\"fusion-column-wrapper fusion-column-has-shadow fusion-flex-justify-content-flex-start fusion-content-layout-column\"><div class=\"fusion-title title fusion-title-1 fusion-sep-none fusion-title-text fusion-title-size-three\"><h3 class=\"fusion-title-heading title-heading-left\" style=\"margin:0;letter-spacing:var(--awb-typography1-letter-spacing);text-transform:var(--awb-typography1-text-transform);line-height:var(--awb-typography1-line-height);\">Algemeine Gesch\u00e4fts Bedingungen<\/h3><\/div><div class=\"fusion-text fusion-text-1 fusion-text-no-margin\" style=\"--awb-margin-bottom:20px;\"><ol>\n<li>Allgemeine Gesch\u00e4ftsbedingungen<br \/>\nDiese Gesch\u00e4ftsbedingungen gelten f\u00fcr alle T\u00e4tigkeiten und Dienstleistungen von EuroTech Center Nederland (im Folgenden \u201eETC\u201c genannt), darunter u. a. die Internetseiten www.eurotechcenter.nl, www.eurotechcentre.nl, www.eurotechcenter.eu, www.mymodis.eu, das Forum und der telefonische Helpdesk. Sie werden gebeten, diese Bedingungen sorgf\u00e4ltig zu lesen.<\/li>\n<\/ol>\n<ol start=\"2\">\n<li>Zustimmungserkl\u00e4rung<br \/>\nDurch die Nutzung der Dienste und\/oder die Aufgabe einer Bestellung beim ETC und die Nutzung der angebotenen Informationen erkl\u00e4ren Sie, dass Sie diese Bedingungen zur Kenntnis genommen haben und ihnen zustimmen.<\/li>\n<\/ol>\n<ol start=\"3\">\n<li><b>Information ETC<\/b><b><\/b><\/li>\n<\/ol>\n<ol>\n<li style=\"list-style-type: none;\">\n<ol>\n<li>Die bereitgestellten Informationen d\u00fcrfen nicht anstelle von Ratschl\u00e4gen oder Richtlinien des jeweiligen (Fahrzeug-) Herstellers verwendet werden. Entscheidungen, die auf Informationen von ETC basieren, gehen zu Ihren Lasten und auf eigenes Risiko. Wenn ein (Fahrzeug-) Hersteller andere oder zus\u00e4tzliche Richtlinien verwendet, m\u00fcssen immer die Richtlinien des Herstellers verwendet werden.<\/li>\n<li>Obwohl ETC versucht, korrekte, vollst\u00e4ndige und aktuelle Informationen bereitzustellen, garantiert ETC nicht, dass die angebotenen Informationen korrekt, vollst\u00e4ndig oder aktuell sind.<\/li>\n<li>Obwohl ETC viel Zeit und Energie in Technologie, Software, Verbindungen und Datenbanken steckt, garantiert ETC nicht, dass Produkte und Dienstleistungen ohne Fehler oder Unterbrechungen funktionieren.<\/li>\n<\/ol>\n<\/li>\n<\/ol>\n<ol start=\"4\">\n<li><b>Anmeldeformulare<\/b><b><\/b><\/li>\n<\/ol>\n<ol>\n<li style=\"list-style-type: none;\">\n<ol>\n<li>Verfall der Gespr\u00e4chsminuten<br \/>\nDie Gespr\u00e4chsminuten laufen ab, wenn Sie mit einem Mitarbeiter von ETC telefonieren. Wenn Sie in der Warteschleife sind, verfallen keine Anrufminuten.<\/li>\n<li>\u00c4nderung der Abonnementform<br \/>\nSie k\u00f6nnen Ihre Abonnementform \u00e4ndern, indem Sie sich an Ihren Snap-On-H\u00e4ndler wenden. Bei einem Abonnement f\u00fcr 30 und 60 Anrufminuten m\u00fcssen Sie dies tun, bevor Sie das 5-Minuten-Limit \u00fcberschreiten. Bei einem Jahresabonnement m\u00fcssen Sie Ihr Abonnementformular einen Monat vor Ablauf Ihres Abonnements \u00e4ndern.<\/li>\n<li>K\u00fcndigung des Abonnements<br \/>\nSie k\u00f6nnen Ihr Abonnement nur schriftlich k\u00fcndigen, indem Sie einen Brief an EuroTechCenter, Dorresteinweg 66C, 3762 KK Soest, Niederlande, senden. Bei einem Abonnement f\u00fcr 30 und 60 Anrufminuten m\u00fcssen Sie dies tun, bevor Sie das 5-Minuten-Limit \u00fcberschreiten. Bei einem Jahresabonnement m\u00fcssen Sie einen Monat vor Ablauf Ihres Abonnements schriftlich k\u00fcndigen.<\/li>\n<li>\u00dcbertragung<br \/>\nAlle abgeschlossenen Abonnements sind nicht auf andere Personen und\/oder Parteien \u00fcbertragbar.<\/li>\n<\/ol>\n<\/li>\n<\/ol>\n<ol start=\"5\">\n<li>Rechte und Pflichten<br \/>\nETC oder der Rechteinhaber beh\u00e4lt alle Rechte (einschlie\u00dflich Urheberrechte, Markenrechte, Patente und andere Rechte an geistigem Eigentum) in Bezug auf alle \u00fcber ETC angebotenen Informationen (einschlie\u00dflich aller Texte, Grafiken und Logos). Es ist nicht gestattet, diese Informationen ohne vorherige schriftliche Genehmigung von ETC oder rechtliche Genehmigung der berechtigten Partei herunterzuladen oder offen zu legen, zu verbreiten oder zu multiplizieren. Sie d\u00fcrfen Informationen nur zur Wartung und Reparatur von Fahrzeugen und zur Verwendung der Diagnoseger\u00e4te verwenden.<\/li>\n<\/ol>\n<ol start=\"6\">\n<li><b>Sicherheit und Haftung<\/b><b><\/b><\/li>\n<\/ol>\n<ol>\n<li style=\"list-style-type: none;\">\n<ol>\n<li>Sicherheit<br \/>\nDie Sicherheit von Nachrichten, die Sie an ETC senden, kann nicht garantiert werden. Wenn Sie Nachrichten an ETC senden, akzeptieren Sie das Risiko, dass Dritte diese Nachrichten abfangen, missbrauchen oder \u00e4ndern.<\/li>\n<li>Haftung<br \/>\nETC \u00fcbernimmt keinerlei Haftung f\u00fcr direkte, indirekte, besondere, zuf\u00e4llige, immaterielle oder Folgesch\u00e4den, unabh\u00e4ngig davon, ob ETC auf die M\u00f6glichkeit dieser Sch\u00e4den hingewiesen hat, die in irgendeiner Weise aus folgenden Umst\u00e4nden resultieren, jedoch nicht darauf beschr\u00e4nkt sind:<\/p>\n<ul>\n<li>M\u00e4ngel, Viren oder andere M\u00e4ngel an Ger\u00e4ten, Software oder Fahrzeugen im Zusammenhang mit dem Zugang zu oder der Nutzung der Dienste von ETC<\/li>\n<li>der angebotenen Informationen<\/li>\n<li>das Abfangen, \u00c4ndern oder missbr\u00e4uchliche Verwenden von Informationen<\/li>\n<li>den Betrieb oder die Nichtverf\u00fcgbarkeit der Dienste<\/li>\n<li>Missbrauch von Dienstleistungen<\/li>\n<li>Datenverlust<\/li>\n<li>Software herunterladen oder verwenden<\/li>\n<li>oder Anspr\u00fcche Dritter im Zusammenhang mit der Nutzung der Dienste.<\/li>\n<\/ul>\n<\/li>\n<\/ol>\n<\/li>\n<\/ol>\n<ol start=\"6\">\n<li style=\"list-style-type: none;\">\n<ol start=\"3\">\n<li>PIN-Code<br \/>\nIhr PIN-Code garantiert, dass niemand Ihr Abonnement oder Ihre Gespr\u00e4chsminuten missbrauchen kann. Sie sind f\u00fcr die Wahrung der Vertraulichkeit dieses Codes verantwortlich. Sie k\u00f6nnen Ihre PIN jederzeit \u00e4ndern lassen, indem Sie dies schriftlich bei ETC anfordern. Sie erhalten dann per Post einen neuen PIN-Code. Wenn Sie den Verdacht haben, dass Ihr PIN-Code missbraucht wird, k\u00f6nnen Sie dies per E-Mail an administratie[at]eurotechcenter.nl oder per Brief an ETC melden. ETC wird Ihren Code so schnell wie m\u00f6glich blockieren. Sie erhalten dann einen neuen PIN-Code.<\/li>\n<\/ol>\n<\/li>\n<\/ol>\n<ol start=\"7\">\n<li><b>Preise und Zahlung<\/b><b><\/b><\/li>\n<\/ol>\n<ol>\n<li style=\"list-style-type: none;\">\n<ol>\n<li><u>30-Minuten-Telefonvertrag<\/u><br \/>\nDer 30-Minuten-Telefonvertrag kostet 53,00 \u20ac zzgl. MwSt. 21% MwSt.<\/li>\n<li><u>60-Minuten-Abonnement<\/u><br \/>\nDas 60-Minuten-Abonnement kostet 98,00 \u20ac zzgl. MwSt. 21% MwSt.<\/li>\n<li><u>Jahresabonnement<\/u><br \/>\nDas Jahresabonnement kostet 695,00 \u20ac zzgl. MwSt. 21% MwSt.<\/li>\n<li><u>Einzugserm\u00e4chtigung<\/u><br \/>\nSie erm\u00e4chtigen ETC, den genannten Betrag f\u00fcr das von Ihnen gew\u00e4hlte Abonnement innerhalb von 14 Tagen nach Erhalt der Rechnung von ETC von Ihrem Konto abzubuchen. Eine Rechnung wird Ihnen alle 5 Minuten nach oder nach Ablauf Ihres Jahresabonnements zugesandt, und der Betrag wird innerhalb von 14 Tagen von Ihrem Konto abgebucht. Ihr Abonnement beginnt erst, wenn Ihre Zahlung eingegangen ist. Wenn es aus irgendeinem Grund nicht m\u00f6glich ist, den ausstehenden Betrag von Ihrem Konto abzubuchen, beh\u00e4lt sich ETC das Recht vor, Ihren Zugriff auf den Helpdesk vor\u00fcbergehend zu sperren.<\/li>\n<li><u>Preis\u00e4nderung<\/u><br \/>\nETC beh\u00e4lt sich das Recht vor, Preise zwischenzeitlich zu \u00e4ndern. Sie erhalten dies immer im Voraus schriftlich.<\/li>\n<\/ol>\n<\/li>\n<\/ol>\n<ol start=\"8\">\n<li><b>Sicherheit Ihrer Daten<\/b><b><\/b><\/li>\n<\/ol>\n<ol>\n<li style=\"list-style-type: none;\">\n<ol>\n<li>ETC verarbeitet Ihre pers\u00f6nlichen Daten gem\u00e4\u00df den geltenden Datenschutzbestimmungen.<\/li>\n<li>ETC verwendet Ihre Daten f\u00fcr folgende Zwecke:\n<ul>\n<li>Bereitstellung und Entwicklung unserer Dienstleistungen.<\/li>\n<li>Bereitstellung an Dritte, wenn dies gesetzlich vorgeschrieben ist.<\/li>\n<\/ul>\n<\/li>\n<\/ol>\n<\/li>\n<\/ol>\n<ol start=\"9\">\n<li><b> Garantieanspr\u00fcche<\/b><b><\/b><\/li>\n<\/ol>\n<ol>\n<li style=\"list-style-type: none;\">\n<ol>\n<li>Der Kunde ist verpflichtet, die gelieferte Ware unverz\u00fcglich nach Erhalt zu \u00fcberpr\u00fcfen.<\/li>\n<li>Eventuelle M\u00e4ngel oder Unzul\u00e4nglichkeiten m\u00fcssen innerhalb von 5 Werktagen nach Erhalt schriftlich gemeldet werden.<\/li>\n<li>Ist die Reklamation begr\u00fcndet, wird der Verk\u00e4ufer nach eigenem Ermessen das Produkt reparieren, ersetzen oder gutschreiben.<\/li>\n<li>Der Verk\u00e4ufer haftet nicht f\u00fcr Sch\u00e4den, die durch unsachgem\u00e4\u00dfen Gebrauch, normale Abnutzung oder unsachgem\u00e4\u00dfe Lagerung entstehen.<\/li>\n<\/ol>\n<\/li>\n<\/ol>\n<p>10.  <b><span class=\"Apple-converted-space\">  <\/span>Lieferung und Risiko<\/b><\/p>\n<ol>\n<li style=\"list-style-type: none;\">\n<ol>\n<li>Die Lieferung erfolgt an die vom Kunden angegebene Lieferadresse.<\/li>\n<li>Die angegebenen Lieferzeiten sind Richtwerte und berechtigen bei \u00dcberschreitung nicht zu Schadenersatz oder Vertragsaufl\u00f6sung.<\/li>\n<li>Das Risiko des Verlusts oder der Besch\u00e4digung der Waren geht zum Zeitpunkt der Lieferung auf den Kunden \u00fcber.<\/li>\n<\/ol>\n<\/li>\n<\/ol>\n<p>11.<b> <span class=\"Apple-converted-space\">  <\/span>Aufl\u00f6sung und Stornierung (B2B-Widerruf)<\/b><\/p>\n<ol>\n<li style=\"list-style-type: none;\">\n<ol>\n<li>Die gesetzliche Widerrufsfrist f\u00fcr Verbraucher gilt nicht f\u00fcr gewerbliche K\u00e4ufe.<\/li>\n<li>Die Stornierung einer Bestellung durch den Kunden ist nur mit schriftlicher Zustimmung des Verk\u00e4ufers m\u00f6glich.<\/li>\n<li>Wenn der Verk\u00e4ufer der Stornierung zustimmt, kann eine Stornierungsgeb\u00fchr von bis zu 50 % des Auftragswerts in Rechnung gestellt werden, abh\u00e4ngig von den bereits entstandenen Kosten und dem Lieferstatus.<\/li>\n<li>Eine Stornierung oder R\u00fccksendung falsch bestellter Ger\u00e4te ist nicht m\u00f6glich. Bestellungen von Ger\u00e4ten sind endg\u00fcltig und k\u00f6nnen unabh\u00e4ngig vom Grund der fehlerhaften Bestellung nicht widerrufen, storniert oder zur\u00fcckgegeben werden. <\/li>\n<li>Der Verk\u00e4ufer hat das Recht, den Vertrag ganz oder teilweise aufzul\u00f6sen, ohne schadensersatzpflichtig zu sein, wenn:<\/li>\n<\/ol>\n<\/li>\n<\/ol>\n<ul>\n<li style=\"list-style-type: none;\">\n<ul>\n<li style=\"list-style-type: none;\">\n<ul>\n<li>der Kunde seinen Verpflichtungen nicht nachkommt;<\/li>\n<li>der Kunde einen Zahlungsaufschub beantragt oder f\u00fcr insolvent erkl\u00e4rt wird;<\/li>\n<li>Umst\u00e4nde eintreten, die die Erf\u00fcllung unm\u00f6glich oder unangemessen erschweren.<\/li>\n<\/ul>\n<\/li>\n<\/ul>\n<\/li>\n<\/ul>\n<ol start=\"9\">\n<li style=\"list-style-type: none;\">\n<ol start=\"6\">\n<li>Bei Aufl\u00f6sung bleiben die Zahlungsverpflichtungen f\u00fcr bereits gelieferte Waren bestehen.<\/li>\n<\/ol>\n<\/li>\n<\/ol>\n<p>12.<b> <span class=\"Apple-converted-space\">  <\/span>Streitigkeiten<\/b><\/p>\n<p>F\u00fcr die Dienste des ETC gilt niederl\u00e4ndisches Recht. Alle Streitigkeiten, die sich aus oder im Zusammenhang mit diesen Bedingungen ergeben, werden ausschlie\u00dflich dem zust\u00e4ndigen Gericht in den Niederlanden vorgelegt. ETC beh\u00e4lt sich das Recht vor, die \u00fcber ETC angebotenen Informationen und\/oder Dienstleistungen, einschlie\u00dflich des Wortlauts dieser Bedingungen, jederzeit ohne vorherige Ank\u00fcndigung zu \u00e4ndern. <\/p>\n<p>Copyright 2025 EuroTech Center<\/p>\n<\/div><\/div><\/div><\/div><\/div>\n","protected":false},"excerpt":{"rendered":"","protected":false},"author":1,"featured_media":0,"parent":0,"menu_order":17,"comment_status":"closed","ping_status":"closed","template":"100-width.php","meta":{"advanced_seo_description":"","jetpack_seo_html_title":"","jetpack_seo_noindex":false,"footnotes":""},"class_list":["post-4096","page","type-page","status-publish","hentry"],"jetpack_sharing_enabled":true,"_links":{"self":[{"href":"https:\/\/eurotechcenter.eu\/de\/wp-json\/wp\/v2\/pages\/4096","targetHints":{"allow":["GET"]}}],"collection":[{"href":"https:\/\/eurotechcenter.eu\/de\/wp-json\/wp\/v2\/pages"}],"about":[{"href":"https:\/\/eurotechcenter.eu\/de\/wp-json\/wp\/v2\/types\/page"}],"author":[{"embeddable":true,"href":"https:\/\/eurotechcenter.eu\/de\/wp-json\/wp\/v2\/users\/1"}],"replies":[{"embeddable":true,"href":"https:\/\/eurotechcenter.eu\/de\/wp-json\/wp\/v2\/comments?post=4096"}],"version-history":[{"count":3,"href":"https:\/\/eurotechcenter.eu\/de\/wp-json\/wp\/v2\/pages\/4096\/revisions"}],"predecessor-version":[{"id":5001,"href":"https:\/\/eurotechcenter.eu\/de\/wp-json\/wp\/v2\/pages\/4096\/revisions\/5001"}],"wp:attachment":[{"href":"https:\/\/eurotechcenter.eu\/de\/wp-json\/wp\/v2\/media?parent=4096"}],"curies":[{"name":"wp","href":"https:\/\/api.w.org\/{rel}","templated":true}]}}