{"id":3417,"date":"2024-03-09T13:03:04","date_gmt":"2024-03-09T13:03:04","guid":{"rendered":"https:\/\/eurotechcenter.eu\/benutzergruppen-schulung\/"},"modified":"2024-07-02T15:22:44","modified_gmt":"2024-07-02T15:22:44","slug":"benutzergruppenschulung","status":"publish","type":"page","link":"https:\/\/eurotechcenter.eu\/de\/benutzergruppenschulung\/","title":{"rendered":"BENUTZERGRUPPEN SCHULUNG"},"content":{"rendered":"<div class=\"fusion-fullwidth fullwidth-box fusion-builder-row-1 fusion-flex-container has-pattern-background has-mask-background nonhundred-percent-fullwidth non-hundred-percent-height-scrolling\" style=\"--awb-border-radius-top-left:0px;--awb-border-radius-top-right:0px;--awb-border-radius-bottom-right:0px;--awb-border-radius-bottom-left:0px;--awb-margin-bottom:50px;--awb-flex-wrap:wrap;\" ><div class=\"fusion-builder-row fusion-row fusion-flex-align-items-flex-start fusion-flex-content-wrap\" style=\"max-width:1393.6px;margin-left: calc(-4% \/ 2 );margin-right: calc(-4% \/ 2 );\"><div class=\"fusion-layout-column fusion_builder_column fusion-builder-column-0 fusion_builder_column_1_1 1_1 fusion-flex-column\" style=\"--awb-padding-top:35px;--awb-padding-right:20px;--awb-padding-left:20px;--awb-padding-top-medium:0px;--awb-padding-top-small:0px;--awb-bg-size:cover;--awb-width-large:100%;--awb-margin-top-large:0px;--awb-spacing-right-large:1.92%;--awb-margin-bottom-large:0px;--awb-spacing-left-large:1.92%;--awb-width-medium:100%;--awb-order-medium:0;--awb-spacing-right-medium:1.92%;--awb-spacing-left-medium:1.92%;--awb-width-small:100%;--awb-order-small:0;--awb-spacing-right-small:1.92%;--awb-spacing-left-small:1.92%;\"><div class=\"fusion-column-wrapper fusion-column-has-shadow fusion-flex-justify-content-flex-start fusion-content-layout-column\"><div class=\"fusion-title title fusion-title-1 fusion-sep-none fusion-title-text fusion-title-size-three\"><h3 class=\"fusion-title-heading title-heading-left\" style=\"margin:0;text-transform:uppercase;\">BENUTZERGRUPPEN SCHULUNG<\/h3><\/div><div class=\"fusion-text fusion-text-1 fusion-text-no-margin\" style=\"--awb-margin-bottom:20px;\"><p>F\u00fcr diejenigen, die die Anwenderabende noch nicht kennen: Dies sind Fachabende f\u00fcr Anf\u00e4nger und Fortgeschrittene, geeignet f\u00fcr alle Wissenslevel.<\/p>\n<p>An diesen Abenden werden einige aktuelle Themen im Hinblick auf die Bedienung vertieft und anschlie\u00dfend mit praktischen Tools zur Vereinfachung der Diagnose bei Problemen mit den besprochenen Systemen versorgt.<\/p>\n<p>Nehmen Sie Ihr Diagnoseger\u00e4t mit, denn es ist kein \u201etrockener\u201c Theorieabend, es ist beabsichtigt, dass Sie an diesem Abend auch Ihr Diagnoseger\u00e4t besser kennenlernen, um alles aus ihm herauszuholen.<\/p>\n<p>Es ist auch sch\u00f6n, Kollegen zu treffen, und Sie k\u00f6nnen Fragen stellen. Es ist oft genug Wissen sowohl \u00fcber den Tester als auch \u00fcber schwierige Diagnoseprobleme verf\u00fcgbar, um Tipps zu erhalten, die Ihnen helfen k\u00f6nnen, weiterzukommen.<\/p>\n<\/div><div class=\"fusion-title title fusion-title-2 fusion-sep-none fusion-title-text fusion-title-size-four\"><h4 class=\"fusion-title-heading title-heading-left\" style=\"margin:0;text-transform:capitalize;\">Geplante Schulungen<\/h4><\/div><div class=\"em em-view-container\" id=\"em-view-1162384394\" data-view=\"list\">\r\n\t<div class=\"em-list em-events-list\" id=\"em-events-list-1162384394\" data-view-id=\"1162384394\">\r\n\tKeine training\t<\/div>\r\n<\/div><div class=\"fusion-image-element \" style=\"text-align:center;--awb-caption-title-font-family:var(--h2_typography-font-family);--awb-caption-title-font-weight:var(--h2_typography-font-weight);--awb-caption-title-font-style:var(--h2_typography-font-style);--awb-caption-title-size:var(--h2_typography-font-size);--awb-caption-title-transform:var(--h2_typography-text-transform);--awb-caption-title-line-height:var(--h2_typography-line-height);--awb-caption-title-letter-spacing:var(--h2_typography-letter-spacing);\"><span class=\" fusion-imageframe imageframe-none imageframe-1 hover-type-none\"><img decoding=\"async\" width=\"1024\" height=\"341\" title=\"training-10-03-20\" src=\"https:\/\/eurotechcenter.eu\/wp-content\/uploads\/2023\/09\/training-10-03-20.jpg\" data-orig-src=\"https:\/\/eurotechcenter.eu\/wp-content\/uploads\/2023\/09\/training-10-03-20.jpg\" alt class=\"lazyload img-responsive wp-image-2677\" srcset=\"data:image\/svg+xml,%3Csvg%20xmlns%3D%27http%3A%2F%2Fwww.w3.org%2F2000%2Fsvg%27%20width%3D%271024%27%20height%3D%27341%27%20viewBox%3D%270%200%201024%20341%27%3E%3Crect%20width%3D%271024%27%20height%3D%27341%27%20fill-opacity%3D%220%22%2F%3E%3C%2Fsvg%3E\" data-srcset=\"https:\/\/eurotechcenter.eu\/wp-content\/uploads\/2023\/09\/training-10-03-20-200x67.jpg 200w, https:\/\/eurotechcenter.eu\/wp-content\/uploads\/2023\/09\/training-10-03-20-400x133.jpg 400w, https:\/\/eurotechcenter.eu\/wp-content\/uploads\/2023\/09\/training-10-03-20-600x200.jpg 600w, https:\/\/eurotechcenter.eu\/wp-content\/uploads\/2023\/09\/training-10-03-20-800x266.jpg 800w, https:\/\/eurotechcenter.eu\/wp-content\/uploads\/2023\/09\/training-10-03-20.jpg 1024w\" data-sizes=\"auto\" data-orig-sizes=\"(max-width: 800px) 100vw, 1024px\" \/><\/span><\/div><\/div><\/div><\/div><\/div>\n","protected":false},"excerpt":{"rendered":"","protected":false},"author":1,"featured_media":0,"parent":0,"menu_order":6,"comment_status":"closed","ping_status":"closed","template":"100-width.php","meta":{"advanced_seo_description":"","jetpack_seo_html_title":"","jetpack_seo_noindex":false,"footnotes":""},"class_list":["post-3417","page","type-page","status-publish","hentry"],"jetpack_sharing_enabled":true,"_links":{"self":[{"href":"https:\/\/eurotechcenter.eu\/de\/wp-json\/wp\/v2\/pages\/3417","targetHints":{"allow":["GET"]}}],"collection":[{"href":"https:\/\/eurotechcenter.eu\/de\/wp-json\/wp\/v2\/pages"}],"about":[{"href":"https:\/\/eurotechcenter.eu\/de\/wp-json\/wp\/v2\/types\/page"}],"author":[{"embeddable":true,"href":"https:\/\/eurotechcenter.eu\/de\/wp-json\/wp\/v2\/users\/1"}],"replies":[{"embeddable":true,"href":"https:\/\/eurotechcenter.eu\/de\/wp-json\/wp\/v2\/comments?post=3417"}],"version-history":[{"count":0,"href":"https:\/\/eurotechcenter.eu\/de\/wp-json\/wp\/v2\/pages\/3417\/revisions"}],"wp:attachment":[{"href":"https:\/\/eurotechcenter.eu\/de\/wp-json\/wp\/v2\/media?parent=3417"}],"curies":[{"name":"wp","href":"https:\/\/api.w.org\/{rel}","templated":true}]}}