{"id":3299,"date":"2023-09-07T18:37:57","date_gmt":"2023-09-07T18:37:57","guid":{"rendered":"https:\/\/eurotechcenter.eu\/wie-funktioniert-das-eurotech-center\/"},"modified":"2024-03-09T12:23:12","modified_gmt":"2024-03-09T12:23:12","slug":"wie-funktioniert-das-eurotech-center","status":"publish","type":"page","link":"https:\/\/eurotechcenter.eu\/de\/wie-funktioniert-das-eurotech-center\/","title":{"rendered":"Wie funktioniert das Eurotech Center"},"content":{"rendered":"<div class=\"fusion-fullwidth fullwidth-box fusion-builder-row-1 fusion-flex-container has-pattern-background has-mask-background nonhundred-percent-fullwidth non-hundred-percent-height-scrolling\" style=\"--awb-border-radius-top-left:0px;--awb-border-radius-top-right:0px;--awb-border-radius-bottom-right:0px;--awb-border-radius-bottom-left:0px;--awb-margin-bottom:50px;--awb-flex-wrap:wrap;\" ><div class=\"fusion-builder-row fusion-row fusion-flex-align-items-flex-start fusion-flex-content-wrap\" style=\"max-width:1393.6px;margin-left: calc(-4% \/ 2 );margin-right: calc(-4% \/ 2 );\"><div class=\"fusion-layout-column fusion_builder_column fusion-builder-column-0 fusion_builder_column_1_1 1_1 fusion-flex-column\" style=\"--awb-padding-top:35px;--awb-padding-right:20px;--awb-padding-left:20px;--awb-padding-top-medium:0px;--awb-padding-top-small:0px;--awb-bg-size:cover;--awb-width-large:100%;--awb-margin-top-large:0px;--awb-spacing-right-large:1.92%;--awb-margin-bottom-large:0px;--awb-spacing-left-large:1.92%;--awb-width-medium:100%;--awb-order-medium:0;--awb-spacing-right-medium:1.92%;--awb-spacing-left-medium:1.92%;--awb-width-small:100%;--awb-order-small:0;--awb-spacing-right-small:1.92%;--awb-spacing-left-small:1.92%;\"><div class=\"fusion-column-wrapper fusion-column-has-shadow fusion-flex-justify-content-flex-start fusion-content-layout-column\"><div class=\"fusion-title title fusion-title-1 fusion-sep-none fusion-title-text fusion-title-size-three\"><h3 class=\"fusion-title-heading title-heading-left\" style=\"font-family:&quot;Racing Sans One&quot;;font-style:normal;font-weight:400;margin:0;text-transform:uppercase;\">Wie funktioniert das Eurotech Center<\/h3><\/div><div class=\"fusion-text fusion-text-1 fusion-text-no-margin\" style=\"--awb-margin-bottom:20px;\"><p>EuroTech Center arbeitet mit vorausbezahlten (prepaid) Zeitbl\u00f6cken, mit der Sie das Center anrufen k\u00f6nnen, um die Hilfe unserer Experten bei Ihrer Fehlersuche zu bekommen. Es handelt sich um Zeitbl\u00f6cke im Abo von jeweils 30 oder 60 Minuten. Aber Sie haben auch die Option ein Jahresabonnement abzuschlie\u00dfen.<\/p>\n<p>Es gibt zwei M\u00f6glichkeiten zu abonnieren:<\/p>\n<\/div><\/div><\/div><div class=\"fusion-layout-column fusion_builder_column fusion-builder-column-1 fusion_builder_column_1_2 1_2 fusion-flex-column\" style=\"--awb-padding-top:35px;--awb-padding-left:20px;--awb-bg-size:cover;--awb-width-large:50%;--awb-margin-top-large:0px;--awb-spacing-right-large:3.84%;--awb-margin-bottom-large:20px;--awb-spacing-left-large:3.84%;--awb-width-medium:50%;--awb-order-medium:0;--awb-spacing-right-medium:3.84%;--awb-spacing-left-medium:3.84%;--awb-width-small:100%;--awb-order-small:0;--awb-spacing-right-small:1.92%;--awb-spacing-left-small:1.92%;\" data-scroll-devices=\"small-visibility,medium-visibility,large-visibility\"><div class=\"fusion-column-wrapper fusion-column-has-shadow fusion-flex-justify-content-flex-start fusion-content-layout-column\"><div class=\"fusion-text fusion-text-2\"><p><strong>\u00dcber Ihren H\u00e4ndler<\/strong><br \/>\nIhr H\u00e4ndler hat alle Informationen die Sie brauchen. Ihr H\u00e4ndler hat ein Starter- Paket f\u00fcr Sie und kann die Anmeldung zusammen mit Ihnen ausf\u00fcllen. Nachdem EuroTech Center Ihre Anmeldung empfangen hat, erhalten Sie innerhalb von 2-3 Arbeitstagen Ihren pers\u00f6nlichen Code und PIN-Code. Damit k\u00f6nnen Sie die Hotline nutzen.<\/p>\n<\/div><\/div><\/div><div class=\"fusion-layout-column fusion_builder_column fusion-builder-column-2 fusion_builder_column_1_2 1_2 fusion-flex-column\" style=\"--awb-padding-top:35px;--awb-padding-right:20px;--awb-bg-size:cover;--awb-width-large:50%;--awb-margin-top-large:0px;--awb-spacing-right-large:3.84%;--awb-margin-bottom-large:20px;--awb-spacing-left-large:3.84%;--awb-width-medium:50%;--awb-order-medium:0;--awb-spacing-right-medium:3.84%;--awb-spacing-left-medium:3.84%;--awb-width-small:100%;--awb-order-small:0;--awb-spacing-right-small:1.92%;--awb-spacing-left-small:1.92%;\" data-scroll-devices=\"small-visibility,medium-visibility,large-visibility\"><div class=\"fusion-column-wrapper fusion-column-has-shadow fusion-flex-justify-content-flex-start fusion-content-layout-column\"><div class=\"fusion-text fusion-text-3\"><p><strong>Direkt abonnieren<br \/>\n<\/strong>Sie m\u00f6chten sofort Abonnent des EuroTech Centers werden? Vielleicht heute noch? Dann k\u00f6nnen Sie das <a href=\"http:\/\/eurotechcenter.eu\/wp-content\/uploads\/2014\/09\/Machtiging-abonnement-2014-Sepa.pdf\">SEPA-Bankeinzugformular<\/a> ausf\u00fcllen und per E-Mail an admin.de@eurotechcenter.eu senden. Ihr pers\u00f6nlicher Code und Ihr PIN-Code werden dann generiert und werden Ihnennoch am gleichen Tag zugesandt. Meistens k\u00f6nnen Sie unsere Dienste am gleichen Tag schon nutzen.<\/p>\n<\/div><\/div><\/div><\/div><\/div>\n","protected":false},"excerpt":{"rendered":"","protected":false},"author":1,"featured_media":0,"parent":0,"menu_order":10,"comment_status":"closed","ping_status":"closed","template":"100-width.php","meta":{"advanced_seo_description":"","jetpack_seo_html_title":"","jetpack_seo_noindex":false,"footnotes":""},"class_list":["post-3299","page","type-page","status-publish","hentry"],"jetpack_sharing_enabled":true,"_links":{"self":[{"href":"https:\/\/eurotechcenter.eu\/de\/wp-json\/wp\/v2\/pages\/3299","targetHints":{"allow":["GET"]}}],"collection":[{"href":"https:\/\/eurotechcenter.eu\/de\/wp-json\/wp\/v2\/pages"}],"about":[{"href":"https:\/\/eurotechcenter.eu\/de\/wp-json\/wp\/v2\/types\/page"}],"author":[{"embeddable":true,"href":"https:\/\/eurotechcenter.eu\/de\/wp-json\/wp\/v2\/users\/1"}],"replies":[{"embeddable":true,"href":"https:\/\/eurotechcenter.eu\/de\/wp-json\/wp\/v2\/comments?post=3299"}],"version-history":[{"count":0,"href":"https:\/\/eurotechcenter.eu\/de\/wp-json\/wp\/v2\/pages\/3299\/revisions"}],"wp:attachment":[{"href":"https:\/\/eurotechcenter.eu\/de\/wp-json\/wp\/v2\/media?parent=3299"}],"curies":[{"name":"wp","href":"https:\/\/api.w.org\/{rel}","templated":true}]}}