{"id":3295,"date":"2022-02-15T15:22:15","date_gmt":"2022-02-15T15:22:15","guid":{"rendered":"https:\/\/eurotechcenter.eu\/das-eurotech-center\/"},"modified":"2024-03-09T12:23:12","modified_gmt":"2024-03-09T12:23:12","slug":"das-eurotech-center","status":"publish","type":"page","link":"https:\/\/eurotechcenter.eu\/de\/das-eurotech-center\/","title":{"rendered":"Das Eurotech Center"},"content":{"rendered":"<div class=\"fusion-fullwidth fullwidth-box fusion-builder-row-1 fusion-flex-container has-pattern-background has-mask-background nonhundred-percent-fullwidth non-hundred-percent-height-scrolling\" style=\"--awb-border-radius-top-left:0px;--awb-border-radius-top-right:0px;--awb-border-radius-bottom-right:0px;--awb-border-radius-bottom-left:0px;--awb-margin-bottom:50px;--awb-flex-wrap:wrap;\" ><div class=\"fusion-builder-row fusion-row fusion-flex-align-items-flex-start fusion-flex-content-wrap\" style=\"max-width:1393.6px;margin-left: calc(-4% \/ 2 );margin-right: calc(-4% \/ 2 );\"><div class=\"fusion-layout-column fusion_builder_column fusion-builder-column-0 fusion_builder_column_1_1 1_1 fusion-flex-column\" style=\"--awb-padding-top:35px;--awb-padding-right:20px;--awb-padding-left:20px;--awb-padding-top-medium:0px;--awb-padding-top-small:0px;--awb-bg-size:cover;--awb-width-large:100%;--awb-margin-top-large:0px;--awb-spacing-right-large:1.92%;--awb-margin-bottom-large:0px;--awb-spacing-left-large:1.92%;--awb-width-medium:100%;--awb-order-medium:0;--awb-spacing-right-medium:1.92%;--awb-spacing-left-medium:1.92%;--awb-width-small:100%;--awb-order-small:0;--awb-spacing-right-small:1.92%;--awb-spacing-left-small:1.92%;\"><div class=\"fusion-column-wrapper fusion-column-has-shadow fusion-flex-justify-content-flex-start fusion-content-layout-column\"><div class=\"fusion-title title fusion-title-1 fusion-sep-none fusion-title-text fusion-title-size-three\"><h3 class=\"fusion-title-heading title-heading-left\" style=\"margin:0;text-transform:uppercase;\">Das EuroTech Center<\/h3><\/div><div class=\"fusion-text fusion-text-1 fusion-text-no-margin\" style=\"--awb-margin-bottom:20px;\"><p>Da Autos immer mehr Elektronik an Bord bekommen, die Systeme immer komplexer werden und es schwieriger wird, elektronische Beziehungen aufzubauen, ist viel Wissen erforderlich, um Autos zu warten oder sie im Falle einer Fehlfunktion schnell und effizient zu diagnostizieren. Das EuroTech Center hilft Ihnen dabei, Ihr Wissen auf verschiedene Weise anzuwenden oder zu aktualisieren. Dazu bieten wir Schulungen an und erstellen technische Handb\u00fccher. Wir k\u00f6nnen Sie jedoch auch direkt am Arbeitsplatz mit Informationen, Erfahrungen und Ratschl\u00e4gen unterst\u00fctzen.<\/p>\n<p>Wenn Sie das EuroTech Center anrufen, k\u00f6nnen Sie mit einer Informationsquelle auf dem Gebiet der Autotechnik rechnen. Das EuroTech Center unterst\u00fctzt Kunden in den Niederlanden, Belgien, Deutschland, \u00d6sterreich, der Schweiz und England. EuroTech Center arbeitet zusammen mit TechCenters Weltweit und hat die Erfahrungen tausender fachkundiger Techniker gesammelt. F\u00fcr 85% der Anrufer finden wir die passende Antwort in unserer existierenden Datenbank. F\u00fcr die \u00fcbrigen 15% sind wir der Partner bei der L\u00f6sungssuche, ohne dass dies den Anrufer kostbare Zeit kostet.<\/p>\n<\/div><\/div><\/div><\/div><\/div>\n","protected":false},"excerpt":{"rendered":"","protected":false},"author":1,"featured_media":0,"parent":0,"menu_order":17,"comment_status":"closed","ping_status":"closed","template":"100-width.php","meta":{"advanced_seo_description":"","jetpack_seo_html_title":"","jetpack_seo_noindex":false,"footnotes":""},"class_list":["post-3295","page","type-page","status-publish","hentry"],"jetpack_sharing_enabled":true,"_links":{"self":[{"href":"https:\/\/eurotechcenter.eu\/de\/wp-json\/wp\/v2\/pages\/3295","targetHints":{"allow":["GET"]}}],"collection":[{"href":"https:\/\/eurotechcenter.eu\/de\/wp-json\/wp\/v2\/pages"}],"about":[{"href":"https:\/\/eurotechcenter.eu\/de\/wp-json\/wp\/v2\/types\/page"}],"author":[{"embeddable":true,"href":"https:\/\/eurotechcenter.eu\/de\/wp-json\/wp\/v2\/users\/1"}],"replies":[{"embeddable":true,"href":"https:\/\/eurotechcenter.eu\/de\/wp-json\/wp\/v2\/comments?post=3295"}],"version-history":[{"count":0,"href":"https:\/\/eurotechcenter.eu\/de\/wp-json\/wp\/v2\/pages\/3295\/revisions"}],"wp:attachment":[{"href":"https:\/\/eurotechcenter.eu\/de\/wp-json\/wp\/v2\/media?parent=3295"}],"curies":[{"name":"wp","href":"https:\/\/api.w.org\/{rel}","templated":true}]}}